{"id":49,"date":"2012-02-06T14:11:21","date_gmt":"2012-02-06T14:11:21","guid":{"rendered":"http:\/\/wdesinform\/wordpress\/?page_id=49"},"modified":"2024-06-24T19:11:21","modified_gmt":"2024-06-24T19:11:21","slug":"49-2","status":"publish","type":"page","link":"https:\/\/motocenter.de\/WP\/","title":{"rendered":""},"content":{"rendered":"<p><strong>Gegr\u00fcndet 1983 bestehen wir seit \u00fcber 40 Jahren als der kompetente Fachh\u00e4ndler f\u00fcr neue und gebrauchte Motorr\u00e4der in Hannover und Umgebung. In den vielen vergangenen Jahren konnten wir unser umfangreiches Angebot an Zubeh\u00f6r und Ersatzteilen (neu und gebraucht), sowie die Motorradwerkstatt in vielen Bereichen erheblich erweitern.<\/strong><\/p>\n<table border=\"0\" cellspacing=\"40\">\n<tbody>\n<tr>\n<td valign=\"top\">\n<ul>\n<li>YAMAHA &#8211; Vertragsh\u00e4ndler bis 2018<\/li>\n<li>Gebrauchtfahrzeuge mit Garantie<\/li>\n<li>Individuelle Finanzierungen m\u00f6glich<\/li>\n<li>Gebrauchtteile: original und \u00fcberpr\u00fcft<\/li>\n<li>Zubeh\u00f6r: neu und gebraucht<\/li>\n<li>Zeitwertgerechte Reparaturen in unserer Meisterwerkstatt<\/li>\n<li>St\u00e4ndiger Barankauf von Fahrzeugen, Unfallsch\u00e4den und Teilen<\/li>\n<li>Motorradvermietung<\/li>\n<li>Anh\u00e4ngervermietung<\/li>\n<li>&#8222;T\u00dcV-Abnahmen&#8220; (HU und AUK t\u00e4glich)<\/li>\n<li>Gutscheine f\u00fcr Waren und Motorradvermietung<\/li>\n<\/ul>\n<\/td>\n<td valign=\"top\"><img loading=\"lazy\" decoding=\"async\" class=\"alignnone wp-image-1004 size-full\" src=\"https:\/\/motocenter.de\/WP\/wp-content\/uploads\/2015\/09\/start.jpg\" alt=\"Motocenter OHG - Hannover\" width=\"400\" height=\"231\" srcset=\"https:\/\/motocenter.de\/WP\/wp-content\/uploads\/2015\/09\/start.jpg 400w, https:\/\/motocenter.de\/WP\/wp-content\/uploads\/2015\/09\/start-300x173.jpg 300w\" sizes=\"auto, (max-width: 400px) 100vw, 400px\" \/><\/td>\n<\/tr>\n<\/tbody>\n<\/table>\n","protected":false},"excerpt":{"rendered":"<p>Gegr\u00fcndet 1983 bestehen wir seit \u00fcber 40 Jahren als der kompetente Fachh\u00e4ndler f\u00fcr neue und gebrauchte Motorr\u00e4der in Hannover und Umgebung. In den vielen vergangenen Jahren konnten wir unser umfangreiches Angebot an Zubeh\u00f6r und Ersatzteilen (neu und gebraucht), sowie die Motorradwerkstatt in vielen Bereichen erheblich erweitern. YAMAHA &#8211; Vertragsh\u00e4ndler bis 2018 Gebrauchtfahrzeuge mit Garantie Individuelle &hellip; <a href=\"https:\/\/motocenter.de\/WP\/\">Continue reading <span class=\"meta-nav\">&rarr;<\/span><\/a><\/p>\n","protected":false},"author":1,"featured_media":0,"parent":0,"menu_order":0,"comment_status":"closed","ping_status":"closed","template":"template-full-width.php","meta":{"footnotes":""},"class_list":["post-49","page","type-page","status-publish","hentry"],"yoast_head":"<!-- This site is optimized with the Yoast SEO plugin v27.4 - https:\/\/yoast.com\/product\/yoast-seo-wordpress\/ -->\n<title>- Moto Center OHG - Motorradtechnik<\/title>\n<meta name=\"robots\" content=\"index, follow, max-snippet:-1, max-image-preview:large, max-video-preview:-1\" \/>\n<link rel=\"canonical\" href=\"https:\/\/motocenter.de\/WP\/\" \/>\n<meta property=\"og:locale\" content=\"de_DE\" \/>\n<meta property=\"og:type\" content=\"article\" \/>\n<meta property=\"og:title\" content=\"- Moto Center OHG - Motorradtechnik\" \/>\n<meta property=\"og:description\" content=\"Gegr\u00fcndet 1983 bestehen wir seit \u00fcber 40 Jahren als der kompetente Fachh\u00e4ndler f\u00fcr neue und gebrauchte Motorr\u00e4der in Hannover und Umgebung. In den vielen vergangenen Jahren konnten wir unser umfangreiches Angebot an Zubeh\u00f6r und Ersatzteilen (neu und gebraucht), sowie die Motorradwerkstatt in vielen Bereichen erheblich erweitern. YAMAHA &#8211; Vertragsh\u00e4ndler bis 2018 Gebrauchtfahrzeuge mit Garantie Individuelle &hellip; Continue reading &rarr;\" \/>\n<meta property=\"og:url\" content=\"https:\/\/motocenter.de\/WP\/\" \/>\n<meta property=\"og:site_name\" content=\"Moto Center OHG - Motorradtechnik\" \/>\n<meta property=\"article:modified_time\" content=\"2024-06-24T19:11:21+00:00\" \/>\n<meta property=\"og:image\" content=\"https:\/\/motocenter.de\/WP\/wp-content\/uploads\/2015\/09\/start.jpg\" \/>\n\t<meta property=\"og:image:width\" content=\"400\" \/>\n\t<meta property=\"og:image:height\" content=\"231\" \/>\n\t<meta property=\"og:image:type\" content=\"image\/jpeg\" \/>\n<meta name=\"twitter:card\" content=\"summary_large_image\" \/>\n<meta name=\"twitter:label1\" content=\"Gesch\u00e4tzte Lesezeit\" \/>\n\t<meta name=\"twitter:data1\" content=\"1\u00a0Minute\" \/>\n<script type=\"application\/ld+json\" class=\"yoast-schema-graph\">{\"@context\":\"https:\\\/\\\/schema.org\",\"@graph\":[{\"@type\":\"WebPage\",\"@id\":\"https:\\\/\\\/motocenter.de\\\/WP\\\/\",\"url\":\"https:\\\/\\\/motocenter.de\\\/WP\\\/\",\"name\":\"- Moto Center OHG - Motorradtechnik\",\"isPartOf\":{\"@id\":\"https:\\\/\\\/motocenter.de\\\/WP\\\/#website\"},\"primaryImageOfPage\":{\"@id\":\"https:\\\/\\\/motocenter.de\\\/WP\\\/#primaryimage\"},\"image\":{\"@id\":\"https:\\\/\\\/motocenter.de\\\/WP\\\/#primaryimage\"},\"thumbnailUrl\":\"https:\\\/\\\/motocenter.de\\\/WP\\\/wp-content\\\/uploads\\\/2015\\\/09\\\/start.jpg\",\"datePublished\":\"2012-02-06T14:11:21+00:00\",\"dateModified\":\"2024-06-24T19:11:21+00:00\",\"inLanguage\":\"de\",\"potentialAction\":[{\"@type\":\"ReadAction\",\"target\":[\"https:\\\/\\\/motocenter.de\\\/WP\\\/\"]}]},{\"@type\":\"ImageObject\",\"inLanguage\":\"de\",\"@id\":\"https:\\\/\\\/motocenter.de\\\/WP\\\/#primaryimage\",\"url\":\"https:\\\/\\\/motocenter.de\\\/WP\\\/wp-content\\\/uploads\\\/2015\\\/09\\\/start.jpg\",\"contentUrl\":\"https:\\\/\\\/motocenter.de\\\/WP\\\/wp-content\\\/uploads\\\/2015\\\/09\\\/start.jpg\",\"width\":400,\"height\":231,\"caption\":\"Motocenter OHG\"},{\"@type\":\"WebSite\",\"@id\":\"https:\\\/\\\/motocenter.de\\\/WP\\\/#website\",\"url\":\"https:\\\/\\\/motocenter.de\\\/WP\\\/\",\"name\":\"Moto Center OHG - Motorradtechnik\",\"description\":\"\",\"potentialAction\":[{\"@type\":\"SearchAction\",\"target\":{\"@type\":\"EntryPoint\",\"urlTemplate\":\"https:\\\/\\\/motocenter.de\\\/WP\\\/?s={search_term_string}\"},\"query-input\":{\"@type\":\"PropertyValueSpecification\",\"valueRequired\":true,\"valueName\":\"search_term_string\"}}],\"inLanguage\":\"de\"}]}<\/script>\n<!-- \/ Yoast SEO plugin. -->","yoast_head_json":{"title":"- Moto Center OHG - Motorradtechnik","robots":{"index":"index","follow":"follow","max-snippet":"max-snippet:-1","max-image-preview":"max-image-preview:large","max-video-preview":"max-video-preview:-1"},"canonical":"https:\/\/motocenter.de\/WP\/","og_locale":"de_DE","og_type":"article","og_title":"- Moto Center OHG - Motorradtechnik","og_description":"Gegr\u00fcndet 1983 bestehen wir seit \u00fcber 40 Jahren als der kompetente Fachh\u00e4ndler f\u00fcr neue und gebrauchte Motorr\u00e4der in Hannover und Umgebung. In den vielen vergangenen Jahren konnten wir unser umfangreiches Angebot an Zubeh\u00f6r und Ersatzteilen (neu und gebraucht), sowie die Motorradwerkstatt in vielen Bereichen erheblich erweitern. YAMAHA &#8211; Vertragsh\u00e4ndler bis 2018 Gebrauchtfahrzeuge mit Garantie Individuelle &hellip; Continue reading &rarr;","og_url":"https:\/\/motocenter.de\/WP\/","og_site_name":"Moto Center OHG - Motorradtechnik","article_modified_time":"2024-06-24T19:11:21+00:00","og_image":[{"width":400,"height":231,"url":"https:\/\/motocenter.de\/WP\/wp-content\/uploads\/2015\/09\/start.jpg","type":"image\/jpeg"}],"twitter_card":"summary_large_image","twitter_misc":{"Gesch\u00e4tzte Lesezeit":"1\u00a0Minute"},"schema":{"@context":"https:\/\/schema.org","@graph":[{"@type":"WebPage","@id":"https:\/\/motocenter.de\/WP\/","url":"https:\/\/motocenter.de\/WP\/","name":"- Moto Center OHG - Motorradtechnik","isPartOf":{"@id":"https:\/\/motocenter.de\/WP\/#website"},"primaryImageOfPage":{"@id":"https:\/\/motocenter.de\/WP\/#primaryimage"},"image":{"@id":"https:\/\/motocenter.de\/WP\/#primaryimage"},"thumbnailUrl":"https:\/\/motocenter.de\/WP\/wp-content\/uploads\/2015\/09\/start.jpg","datePublished":"2012-02-06T14:11:21+00:00","dateModified":"2024-06-24T19:11:21+00:00","inLanguage":"de","potentialAction":[{"@type":"ReadAction","target":["https:\/\/motocenter.de\/WP\/"]}]},{"@type":"ImageObject","inLanguage":"de","@id":"https:\/\/motocenter.de\/WP\/#primaryimage","url":"https:\/\/motocenter.de\/WP\/wp-content\/uploads\/2015\/09\/start.jpg","contentUrl":"https:\/\/motocenter.de\/WP\/wp-content\/uploads\/2015\/09\/start.jpg","width":400,"height":231,"caption":"Motocenter OHG"},{"@type":"WebSite","@id":"https:\/\/motocenter.de\/WP\/#website","url":"https:\/\/motocenter.de\/WP\/","name":"Moto Center OHG - Motorradtechnik","description":"","potentialAction":[{"@type":"SearchAction","target":{"@type":"EntryPoint","urlTemplate":"https:\/\/motocenter.de\/WP\/?s={search_term_string}"},"query-input":{"@type":"PropertyValueSpecification","valueRequired":true,"valueName":"search_term_string"}}],"inLanguage":"de"}]}},"_links":{"self":[{"href":"https:\/\/motocenter.de\/WP\/wp-json\/wp\/v2\/pages\/49","targetHints":{"allow":["GET"]}}],"collection":[{"href":"https:\/\/motocenter.de\/WP\/wp-json\/wp\/v2\/pages"}],"about":[{"href":"https:\/\/motocenter.de\/WP\/wp-json\/wp\/v2\/types\/page"}],"author":[{"embeddable":true,"href":"https:\/\/motocenter.de\/WP\/wp-json\/wp\/v2\/users\/1"}],"replies":[{"embeddable":true,"href":"https:\/\/motocenter.de\/WP\/wp-json\/wp\/v2\/comments?post=49"}],"version-history":[{"count":92,"href":"https:\/\/motocenter.de\/WP\/wp-json\/wp\/v2\/pages\/49\/revisions"}],"predecessor-version":[{"id":1597,"href":"https:\/\/motocenter.de\/WP\/wp-json\/wp\/v2\/pages\/49\/revisions\/1597"}],"wp:attachment":[{"href":"https:\/\/motocenter.de\/WP\/wp-json\/wp\/v2\/media?parent=49"}],"curies":[{"name":"wp","href":"https:\/\/api.w.org\/{rel}","templated":true}]}}