{"id":389,"date":"2013-10-13T00:12:38","date_gmt":"2013-10-13T00:12:38","guid":{"rendered":"http:\/\/motocenter.de\/WP\/?page_id=389"},"modified":"2018-05-24T13:32:36","modified_gmt":"2018-05-24T13:32:36","slug":"datenschutz","status":"publish","type":"page","link":"https:\/\/motocenter.de\/WP\/datenschutz\/","title":{"rendered":"Datenschutz"},"content":{"rendered":"<p style=\"text-align: left;\">Wir erheben, verwenden und speichern Ihre personenbezogenen Daten ausschlie\u00dflich im Rahmen der Bestimmungen der g\u00fcltigen Datenschutzbestimmungen der Bundesrepublik Deutschland. Nachfolgend unterrichten wir Sie \u00fcber Art, Umfang und Zweck der Datenerhebung und Verwendung.<\/p>\n<p>&nbsp;<\/p>\n<p style=\"text-align: left;\"><strong>Verantwortliche Stelle<br \/>\n<\/strong>Betreiberin der Website unter der Domain https:\/\/www.motocenter.de und damit verantwortliche Stelle ist<\/p>\n<p style=\"text-align: left;\">Moto Center OHG<br \/>\nVertreten durch die Gesellschafter Carsten L\u00f6ffelbein und Kai-Uwe Haase<br \/>\nDavenstedter Str. 153<br \/>\n30453 Hannover<\/p>\n<p>&nbsp;<\/p>\n<p style=\"text-align: left;\"><strong>Erhebung und Verarbeitung von allgemeinen Daten<br \/>\n<\/strong>Jeder Zugriff auf unsere Internetseite und jeder Abruf einer auf dieser Website hinterlegten Datei werden protokolliert. Die Speicherung dient internen systembezogenen und statistischen Zwecken. Protokolliert werden: Name der abgerufenen Datei, Datum und Uhrzeit des Abrufs, \u00fcbertragene Datenmenge, Meldung \u00fcber erfolgreichen Abruf, Webbrowser und anfragende Domain. Zus\u00e4tzlich werden die IP Adressen der anfragenden Rechner protokolliert. Weitergehende personenbezogene Daten werden nur erfasst, wenn Sie als Nutzer der Website und\/oder Kunde Angaben freiwillig, etwa im Rahmen einer Anfrage oder Registrierung oder zum Abschluss eines Vertrages oder \u00fcber die Einstellungen seines Browsers t\u00e4tigen.<\/p>\n<p>&nbsp;<\/p>\n<p style=\"text-align: left;\"><strong>Erheben personenbezogener Daten<br \/>\n<\/strong>Personenbezogene Daten im Sinne dieser Datenschutzbestimmungen sind Einzelangaben \u00fcber Ihre pers\u00f6nlichen oder sachlichen Verh\u00e4ltnisse. Hierzu z\u00e4hlen insbesondere Ihr Name, Ihre E-Mail-Adresse, Ihre Telefonnummer und ggf. Ihre Adresse, soweit Sie uns Letztere bekannt gegeben haben sollten.<\/p>\n<p style=\"text-align: left;\">Zu den personenbezogenen Daten z\u00e4hlen auch Informationen \u00fcber Ihre Nutzung unserer Website. In diesem Zusammenhang erheben wir personenbezogene Daten wie folgt von Ihnen: Informationen \u00fcber Ihre Besuche unserer Website wie bspw. Umfang des Datentransfers, den Ort, von dem aus Sie Daten von unserer Website abrufen sowie andere Verbindungsdaten und Quellen, die Sie abrufen. Dies geschieht in der Regel durch die Verwendung von Logfiles und Cookies. N\u00e4here Information zu Logfiles und Cookies erhalten Sie weiter unten.<\/p>\n<p>&nbsp;<\/p>\n<p style=\"text-align: left;\"><strong>Verwendungszweck<br \/>\n<\/strong>Wir verwenden Ihre personenbezogenen Daten zu folgenden Zwecken:<\/p>\n<ul>\n<li style=\"text-align: left;\">Um die von Ihnen gew\u00fcnschten Online-Dienste zu erbringen,<\/li>\n<li style=\"text-align: left;\">Um sicherzustellen, dass unsere Website in m\u00f6glichst effektiver und interessanter Weise Ihnen gegen\u00fcber pr\u00e4sentiert wird;<\/li>\n<li style=\"text-align: left;\">Um unseren Verpflichtungen aus etwaigen zwischen Ihnen und uns geschlossenen Vertr\u00e4gen nachzukommen;<\/li>\n<li style=\"text-align: left;\">Um Sie \u00fcber \u00c4nderungen unserer Leistungen zu informieren.<\/li>\n<\/ul>\n<p>&nbsp;<\/p>\n<p><strong>Informationen \u00fcber Ihren Computer und Cookies<br \/>\n<\/strong>Bei jedem Zugriff auf unsere Internetseiten erheben wir folgende Informationen \u00fcber Ihren Computer: Die IP-Adresse Ihres Computers, die Anfrage Ihres Browsers sowie die Zeit dieser Anfrage. Au\u00dferdem werden der Status und die \u00fcbertragene Datenmenge im Rahmen dieser Anfrage erfasst. Wir erheben auch Produkt- und Versionsinformationen \u00fcber den verwendeten Browser und das Betriebssystem ihres Computers. Wir erfassen weiter, von welcher Website aus der Zugriff auf unsere Seite erfolgte. Die IP-Adresse Ihres Computers wird dabei nur f\u00fcr die Zeit Ihrer Nutzung der Website gespeichert und im Anschluss daran unverz\u00fcglich gel\u00f6scht oder durch K\u00fcrzung anonymisiert. Die \u00fcbrigen Daten werden f\u00fcr eine begrenzte Zeitdauer gespeichert. Wir verwenden diese Daten f\u00fcr den Betrieb unserer Website, insbesondere um Fehler der Website festzustellen und zu beseitigen, um die Auslastung der Website festzustellen und um Anpassungen oder Verbesserungen vorzunehmen.<\/p>\n<p>Unter Umst\u00e4nden erheben wir au\u00dferdem Informationen \u00fcber Ihre Nutzung unserer Website durch die Verwendung sog. Browser-Cookies. Dies sind kleine Textdateien, die auf Ihrem Datentr\u00e4ger gespeichert werden und die bestimmte Einstellungen und Daten zum Austausch mit unserem System \u00fcber Ihren Browser speichern. Ein Cookie enth\u00e4lt in der Regel den Namen der Domain, von der die Cookie-Daten gesendet wurden sowie Informationen \u00fcber das Alter des Cookies und ein alphanumerisches Identifizierungszeichen. Cookies erm\u00f6glichen unseren Systemen, das Ger\u00e4t des Nutzers zu erkennen und eventuelle Voreinstellungen sofort verf\u00fcgbar zu machen. Sobald ein Nutzer auf die Plattform zugreift, wird ein Cookie auf die Festplatte des Computers des jeweiligen Nutzers \u00fcbermittelt. Cookies helfen uns, unsere Website zu verbessern und Ihnen einen besseren und noch mehr auf Sie zugeschnittenen Service anbieten zu k\u00f6nnen. Sie erm\u00f6glichen uns, Ihren Computer wieder zu erkennen, wenn Sie auf unsere Website zur\u00fcckkehren und dadurch Informationen \u00fcber Ihre bevorzugten Aktivit\u00e4ten auf der Website zu speichern und so unsere Website an Ihren individuellen Interessen auszurichten.<\/p>\n<p>In den von uns verwendeten Cookies werden lediglich die oben erl\u00e4uterten Daten \u00fcber Ihre Nutzung der Website gespeichert. Dies erfolgt nicht durch eine Zuordnung zu Ihnen pers\u00f6nlich, sondern durch Zuweisung einer Identifikationsnummer zu dem Cookie (\u201eCookie-ID\u201c). Eine Zusammenf\u00fchrung der Cookie-ID mit Ihrem Namen, Ihrer IP-Adresse oder mit \u00e4hnlichen Daten, die eine Zuordnung des Cookies zu Ihnen erm\u00f6glichen w\u00fcrden, erfolgt nicht. Sollten Sie eine Verwendung von Browser-Cookies nicht w\u00fcnschen, k\u00f6nnen Sie Ihren Browser so einstellen, dass eine Speicherung von Cookies nicht akzeptiert wird.<br \/>\n<strong>Bitte beachten Sie, dass Sie unsere Website in diesem Fall ggf. nur eingeschr\u00e4nkt oder gar nicht nutzen k\u00f6nnen.<\/strong><\/p>\n<p>&nbsp;<\/p>\n<p><strong>Datensicherheit<br \/>\n<\/strong>Alle Informationen, die Sie an uns \u00fcbermitteln, werden auf Servern innerhalb der Europ\u00e4ischen Union gespeichert. Leider ist die \u00dcbertragung von Informationen \u00fcber das Internet nicht vollst\u00e4ndig sicher, weshalb wir die Sicherheit der \u00fcber das Internet an unserer Website \u00fcbermittelten Daten nicht garantieren k\u00f6nnen. Wir sichern unsere Website und sonstigen Systeme jedoch durch technische und organisatorische Ma\u00dfnahmen gegen Verlust, Zerst\u00f6rung, Zugriff, Ver\u00e4nderung oder Verbreitung Ihrer Daten durch unbefugte Personen ab. Insbesondere werden Ihre pers\u00f6nlichen Daten bei uns verschl\u00fcsselt \u00fcbertragen. Wir bedienen uns dabei des Codierungssystems SSL (Secure Socket Layer), bzw. TLS (Transport Layer Security).<\/p>\n<p>&nbsp;<\/p>\n<p><strong>Weitergabe\/Bereitstellung Ihrer personenbezogenen Daten<br \/>\n<\/strong>Wir geben Ihre personenbezogenen Daten nicht an Dritte weiter, es sei denn, Sie haben in die Datenweitergabe\/Bereitstellung eingewilligt oder wir sind aufgrund gesetzlicher Bestimmungen und\/oder beh\u00f6rdlicher oder gerichtlicher Anordnungen zu einer Datenweitergabe berechtigt oder verpflichtet. Dabei kann es sich insbesondere Bereitstellung Ihrer Daten zum Zwecke von Vertragsschl\u00fcssen oder \u2013erf\u00fcllungen, um die Auskunftserteilung zum Zwecke der Strafverfolgung, zur Gefahrenabwehr oder zur Durchsetzung geistiger Eigentumsrechte handeln.<br \/>\nSollten wir Ihre Daten dann nicht bereitstellen, k\u00f6nnte dies f\u00fcr Sie und\/oder uns z.B. zur Nichterf\u00fcllbarkeit vertraglicher Leistungen, au\u00dferordentlicher K\u00fcndigung des jeweiligen Vertrages, Kosten- und Schadensersatzforderungen und -anspr\u00fcche (auch durch Dritte), und\/oder Geldbu\u00dfen oder gar strafrechtlichen Ahndung aus ggf. mit der Nichtbereitstellung der Daten einhergehenden Gesetzesverst\u00f6\u00dfen f\u00fchren.<\/p>\n<p>&nbsp;<\/p>\n<p><strong>Datenschutz und Websites weiterer Dritter<br \/>\n<\/strong>Die Website kann u.a. Hyperlinks zu und von Websites anderer Dritter enthalten. Wenn Sie einem Hyperlink zu einer dieser Websites folgen, beachten Sie bitte, dass wir hierbei ebenfalls keine Verantwortung oder Gew\u00e4hr f\u00fcr fremde Inhalte oder Datenschutzbedingungen \u00fcbernehmen k\u00f6nnen. Bitte vergewissern Sie sich daher auch hier \u00fcber die jeweils geltenden Datenschutzbedingungen, bevor Sie personenbezogene Daten an diese Websites Dritter \u00fcbermitteln.<\/p>\n<p>&nbsp;<\/p>\n<p><strong>Verwendung Google Analytics<br \/>\n<\/strong>Unsere Internetseite verwendet den Analysedienst Google Analytics. Dieser Webanalysedienst wird von der Google Inc., 1600 Amphitheatre Parkway, Mountain View, CA 94043, USA (im Folgenden kurz: Google) betrieben.<\/p>\n<p>Dieses Analysetool funktioniert auf Grundlage von Cookies. Ein Cookie ist eine Textdatei, die beim Besuch einer Internetseite verschickt und auf der Festplatte des Nutzers der Website zwischengespeichert wird, um eine Analyse der Benutzung der Webseite durch Sie zu erm\u00f6glichen. Die durch den Cookie gespeicherten Informationen werden in der Regel an einen Server von Google in den USA \u00fcbertragen und dort dann gespeichert.<\/p>\n<p>Im Rahmen der IP-Anonymisierung wird Ihre IP-Adresse von Google innerhalb eines Mitgliedsstaates der EU oder einem anderen Vertragsstaat des Abkommens \u00fcber den europ\u00e4ischen Wirtschaftsraum zuvor gek\u00fcrzt. In unserem Auftrag wird Google die \u00fcbertragenen Informationen nutzen, um einen Report \u00fcber die Nutzung der Webseite zu erstellen. Die im Rahmen von Google Analytics \u00fcbermittelte IP-Adresse wird nicht mit anderen Daten von Google zusammengef\u00fchrt. Wenn Sie die Nutzung von Cookies unterbinden m\u00f6chten, k\u00f6nnen Sie dies durch lokale Vornahme der \u00c4nderungen Ihrer Einstellungen in dem auf Ihrem Computer verwendeten Internetbrowser (z.B. Safari, Internet Explorer, Opera, Firefox etc.), also dem Programm zum \u00d6ffnen und Anzeigen von Internetseiten tun. Ferner k\u00f6nnen Sie die Erfassung und Verarbeitung Ihrer Daten durch den Cookie von Google verhindern indem Sie ein unter dem folgenden Link von Google angebotenes Browser-Plugin herunterladen und installieren: <a href=\"http:\/\/tools.google.com\/dlpage\/gaoptout?hl=de\">http:\/\/tools.google.com\/dlpage\/gaoptout?hl=de<\/a>.<\/p>\n<p>&nbsp;<\/p>\n<p><strong>Google Maps<br \/>\n<\/strong>Wir binden die Landkarten des Dienstes \u201cGoogle Maps\u201d des Anbieters Google LLC, 1600 Amphitheatre Parkway, Mountain View, CA 94043, USA, ein. Zu den verarbeiteten Daten k\u00f6nnen insbesondere IP-Adressen und Standortdaten der Nutzer geh\u00f6ren, die jedoch nicht ohne deren Einwilligung (im Regelfall im Rahmen der Einstellungen ihrer Mobilger\u00e4te vollzogen), erhoben werden. Die Daten k\u00f6nnen in den USA verarbeitet werden. Datenschutzerkl\u00e4rung: <a href=\"https:\/\/www.google.com\/policies\/privacy\/\">https:\/\/www.google.com\/policies\/privacy\/<\/a>, Opt-Out: <a href=\"https:\/\/adssettings.google.com\/authenticated\">https:\/\/adssettings.google.com\/authenticated<\/a>.<\/p>\n<p>&nbsp;<\/p>\n<p><strong>\u00c4nderungen dieser Datenschutzbestimmungen<br \/>\n<\/strong>Wir behalten uns das Recht vor, diese Datenschutzbestimmungen jederzeit mit Wirkung f\u00fcr die Zukunft zu \u00e4ndern. Eine jeweils aktuelle Version ist auf der Website verf\u00fcgbar. Bitte suchen Sie die Website regelm\u00e4\u00dfig auf und informieren Sie sich \u00fcber die geltenden Datenschutzbestimmungen.<\/p>\n<p>&nbsp;<\/p>\n<p><strong>Ihre Rechte und Kontakte<br \/>\n<\/strong>Sie k\u00f6nnen Ihre personenbezogenen Daten z.B. jederzeit kostenlos einsehen und ggf. auch deren Berichtigung und\/oder \u2013 wenn der Bestand der Datenspeicherung nicht zwecks Vertragserf\u00fcllung, satzungsbedingt oder gesetzlich erforderlich ist \u2013 eine L\u00f6schung und\/oder auch nur Sperrung verlangen. Wir empfehlen Ihnen, vor Geltendmachung eines jedweden uns gegen\u00fcber erhobenen L\u00f6schungsanspruches uns gegen\u00fcber Ihre Daten ggf. selbst gesichert zu haben. Ihnen stehen ggf. auch die Rechte auf Einschr\u00e4nkung der Verarbeitung, Widerspruch gegen die Verarbeitung sowie Daten\u00fcbertragbarkeit zu, die sich aus den Art. 15 \u2013 21 Datenschutzgrundverordnung (GSGVO) ergeben. Soweit die Verarbeitung auf Ihrer gesonderten Einwilligung beruht, k\u00f6nnen Sie diese Einwilligung jederzeit mit Wirkung f\u00fcr die Zukunft widerrufen.<\/p>\n<p>Zu den vorgenannten Zwecken und\/oder um n\u00e4here Informationen hier\u00fcber zu erhalten, wenden Sie sich an uns per E-Mail an die Adresse info@motocenter.de oder an unsere im Impressum dieser Webseite angegebenen Kontakt- und Adressdaten und somit an unsere Mitarbeiter.<\/p>\n<p>Sollten Sie Fragen, Kommentare oder Anfragen bez\u00fcglich der Erhebung, Verarbeitung und Nutzung Ihrer personenbezogenen Daten durch uns haben, wenden Sie sich bitte wie bereits dargelegt an uns \u00fcber die Impressum dieser Internetseiten genannten Kontaktdaten. Falls Sie der Auffassung sein sollten, dass die Verarbeitung Ihrer personenbezogenen Daten \u00fcber\/durch uns rechtswidrig erfolgt, steht Ihnen unbeschadet dessen als betroffene Person auch das Recht zu, sich gem\u00e4\u00df Art. 77 DSGVO bei einer der ebenfalls nach dieser Vorschrift zust\u00e4ndigen Aufsichtsbeh\u00f6rden zu beschweren.<\/p>\n<p>&nbsp;<\/p>\n","protected":false},"excerpt":{"rendered":"<p>Wir erheben, verwenden und speichern Ihre personenbezogenen Daten ausschlie\u00dflich im Rahmen der Bestimmungen der g\u00fcltigen Datenschutzbestimmungen der Bundesrepublik Deutschland. Nachfolgend unterrichten wir Sie \u00fcber Art, Umfang und Zweck der Datenerhebung und Verwendung. &nbsp; Verantwortliche Stelle Betreiberin der Website unter der Domain https:\/\/www.motocenter.de und damit verantwortliche Stelle ist Moto Center OHG Vertreten durch die Gesellschafter Carsten &hellip; <a href=\"https:\/\/motocenter.de\/WP\/datenschutz\/\">Continue reading <span class=\"meta-nav\">&rarr;<\/span><\/a><\/p>\n","protected":false},"author":1,"featured_media":0,"parent":0,"menu_order":0,"comment_status":"closed","ping_status":"closed","template":"page-right.php","meta":{"footnotes":""},"class_list":["post-389","page","type-page","status-publish","hentry"],"yoast_head":"<!-- This site is optimized with the Yoast SEO plugin v27.4 - https:\/\/yoast.com\/product\/yoast-seo-wordpress\/ -->\n<title>Datenschutz - Moto Center OHG - Motorradtechnik<\/title>\n<meta name=\"robots\" content=\"index, follow, max-snippet:-1, max-image-preview:large, max-video-preview:-1\" \/>\n<link rel=\"canonical\" href=\"https:\/\/motocenter.de\/WP\/datenschutz\/\" \/>\n<meta property=\"og:locale\" content=\"de_DE\" \/>\n<meta property=\"og:type\" content=\"article\" \/>\n<meta property=\"og:title\" content=\"Datenschutz - Moto Center OHG - Motorradtechnik\" \/>\n<meta property=\"og:description\" content=\"Wir erheben, verwenden und speichern Ihre personenbezogenen Daten ausschlie\u00dflich im Rahmen der Bestimmungen der g\u00fcltigen Datenschutzbestimmungen der Bundesrepublik Deutschland. Nachfolgend unterrichten wir Sie \u00fcber Art, Umfang und Zweck der Datenerhebung und Verwendung. &nbsp; Verantwortliche Stelle Betreiberin der Website unter der Domain https:\/\/www.motocenter.de und damit verantwortliche Stelle ist Moto Center OHG Vertreten durch die Gesellschafter Carsten &hellip; Continue reading &rarr;\" \/>\n<meta property=\"og:url\" content=\"https:\/\/motocenter.de\/WP\/datenschutz\/\" \/>\n<meta property=\"og:site_name\" content=\"Moto Center OHG - Motorradtechnik\" \/>\n<meta property=\"article:modified_time\" content=\"2018-05-24T13:32:36+00:00\" \/>\n<meta name=\"twitter:card\" content=\"summary_large_image\" \/>\n<meta name=\"twitter:label1\" content=\"Gesch\u00e4tzte Lesezeit\" \/>\n\t<meta name=\"twitter:data1\" content=\"8\u00a0Minuten\" \/>\n<script type=\"application\/ld+json\" class=\"yoast-schema-graph\">{\"@context\":\"https:\\\/\\\/schema.org\",\"@graph\":[{\"@type\":\"WebPage\",\"@id\":\"https:\\\/\\\/motocenter.de\\\/WP\\\/datenschutz\\\/\",\"url\":\"https:\\\/\\\/motocenter.de\\\/WP\\\/datenschutz\\\/\",\"name\":\"Datenschutz - Moto Center OHG - Motorradtechnik\",\"isPartOf\":{\"@id\":\"https:\\\/\\\/motocenter.de\\\/WP\\\/#website\"},\"datePublished\":\"2013-10-13T00:12:38+00:00\",\"dateModified\":\"2018-05-24T13:32:36+00:00\",\"breadcrumb\":{\"@id\":\"https:\\\/\\\/motocenter.de\\\/WP\\\/datenschutz\\\/#breadcrumb\"},\"inLanguage\":\"de\",\"potentialAction\":[{\"@type\":\"ReadAction\",\"target\":[\"https:\\\/\\\/motocenter.de\\\/WP\\\/datenschutz\\\/\"]}]},{\"@type\":\"BreadcrumbList\",\"@id\":\"https:\\\/\\\/motocenter.de\\\/WP\\\/datenschutz\\\/#breadcrumb\",\"itemListElement\":[{\"@type\":\"ListItem\",\"position\":1,\"name\":\"Startseite\",\"item\":\"https:\\\/\\\/motocenter.de\\\/WP\\\/\"},{\"@type\":\"ListItem\",\"position\":2,\"name\":\"Datenschutz\"}]},{\"@type\":\"WebSite\",\"@id\":\"https:\\\/\\\/motocenter.de\\\/WP\\\/#website\",\"url\":\"https:\\\/\\\/motocenter.de\\\/WP\\\/\",\"name\":\"Moto Center OHG - Motorradtechnik\",\"description\":\"\",\"potentialAction\":[{\"@type\":\"SearchAction\",\"target\":{\"@type\":\"EntryPoint\",\"urlTemplate\":\"https:\\\/\\\/motocenter.de\\\/WP\\\/?s={search_term_string}\"},\"query-input\":{\"@type\":\"PropertyValueSpecification\",\"valueRequired\":true,\"valueName\":\"search_term_string\"}}],\"inLanguage\":\"de\"}]}<\/script>\n<!-- \/ Yoast SEO plugin. -->","yoast_head_json":{"title":"Datenschutz - Moto Center OHG - Motorradtechnik","robots":{"index":"index","follow":"follow","max-snippet":"max-snippet:-1","max-image-preview":"max-image-preview:large","max-video-preview":"max-video-preview:-1"},"canonical":"https:\/\/motocenter.de\/WP\/datenschutz\/","og_locale":"de_DE","og_type":"article","og_title":"Datenschutz - Moto Center OHG - Motorradtechnik","og_description":"Wir erheben, verwenden und speichern Ihre personenbezogenen Daten ausschlie\u00dflich im Rahmen der Bestimmungen der g\u00fcltigen Datenschutzbestimmungen der Bundesrepublik Deutschland. Nachfolgend unterrichten wir Sie \u00fcber Art, Umfang und Zweck der Datenerhebung und Verwendung. &nbsp; Verantwortliche Stelle Betreiberin der Website unter der Domain https:\/\/www.motocenter.de und damit verantwortliche Stelle ist Moto Center OHG Vertreten durch die Gesellschafter Carsten &hellip; Continue reading &rarr;","og_url":"https:\/\/motocenter.de\/WP\/datenschutz\/","og_site_name":"Moto Center OHG - Motorradtechnik","article_modified_time":"2018-05-24T13:32:36+00:00","twitter_card":"summary_large_image","twitter_misc":{"Gesch\u00e4tzte Lesezeit":"8\u00a0Minuten"},"schema":{"@context":"https:\/\/schema.org","@graph":[{"@type":"WebPage","@id":"https:\/\/motocenter.de\/WP\/datenschutz\/","url":"https:\/\/motocenter.de\/WP\/datenschutz\/","name":"Datenschutz - Moto Center OHG - Motorradtechnik","isPartOf":{"@id":"https:\/\/motocenter.de\/WP\/#website"},"datePublished":"2013-10-13T00:12:38+00:00","dateModified":"2018-05-24T13:32:36+00:00","breadcrumb":{"@id":"https:\/\/motocenter.de\/WP\/datenschutz\/#breadcrumb"},"inLanguage":"de","potentialAction":[{"@type":"ReadAction","target":["https:\/\/motocenter.de\/WP\/datenschutz\/"]}]},{"@type":"BreadcrumbList","@id":"https:\/\/motocenter.de\/WP\/datenschutz\/#breadcrumb","itemListElement":[{"@type":"ListItem","position":1,"name":"Startseite","item":"https:\/\/motocenter.de\/WP\/"},{"@type":"ListItem","position":2,"name":"Datenschutz"}]},{"@type":"WebSite","@id":"https:\/\/motocenter.de\/WP\/#website","url":"https:\/\/motocenter.de\/WP\/","name":"Moto Center OHG - Motorradtechnik","description":"","potentialAction":[{"@type":"SearchAction","target":{"@type":"EntryPoint","urlTemplate":"https:\/\/motocenter.de\/WP\/?s={search_term_string}"},"query-input":{"@type":"PropertyValueSpecification","valueRequired":true,"valueName":"search_term_string"}}],"inLanguage":"de"}]}},"_links":{"self":[{"href":"https:\/\/motocenter.de\/WP\/wp-json\/wp\/v2\/pages\/389","targetHints":{"allow":["GET"]}}],"collection":[{"href":"https:\/\/motocenter.de\/WP\/wp-json\/wp\/v2\/pages"}],"about":[{"href":"https:\/\/motocenter.de\/WP\/wp-json\/wp\/v2\/types\/page"}],"author":[{"embeddable":true,"href":"https:\/\/motocenter.de\/WP\/wp-json\/wp\/v2\/users\/1"}],"replies":[{"embeddable":true,"href":"https:\/\/motocenter.de\/WP\/wp-json\/wp\/v2\/comments?post=389"}],"version-history":[{"count":20,"href":"https:\/\/motocenter.de\/WP\/wp-json\/wp\/v2\/pages\/389\/revisions"}],"predecessor-version":[{"id":1241,"href":"https:\/\/motocenter.de\/WP\/wp-json\/wp\/v2\/pages\/389\/revisions\/1241"}],"wp:attachment":[{"href":"https:\/\/motocenter.de\/WP\/wp-json\/wp\/v2\/media?parent=389"}],"curies":[{"name":"wp","href":"https:\/\/api.w.org\/{rel}","templated":true}]}}