{"id":308,"date":"2013-10-11T17:46:57","date_gmt":"2013-10-11T17:46:57","guid":{"rendered":"http:\/\/motocenter.de\/WP\/?page_id=308"},"modified":"2025-01-11T11:39:03","modified_gmt":"2025-01-11T11:39:03","slug":"ersatzteile","status":"publish","type":"page","link":"https:\/\/motocenter.de\/WP\/ersatzteile\/","title":{"rendered":"Ersatzteile"},"content":{"rendered":"<p><strong>Individuelle Beratung zum Kauf von gebrauchten, originalen oder (Zubeh\u00f6r-)Motorradersatzteilen.<\/strong><\/p>\n<p>Wir wissen, welche Ersatzteile zu deinem Motorrad passen. Wir haben f\u00fcr dich das komplette Teilespektrum aller Hersteller. Dabei ist es egal, ob es sich um originale Ersatzteile der verschiedenen Fahrzeughersteller wie Yamaha, Honda, Kawasaki, Suzuki oder Triumph handelt, oder um Zubeh\u00f6rteile aller bekannten Anbieter.<\/p>\n<p align=\"left\">Au\u00dferdem verf\u00fcgen wir seit mittlerweile 30 Jahren als gr\u00f6\u00dfter Gebrauchtteileh\u00e4ndler Hannovers \u00fcber gen\u00fcgend Erfahrung \u00fcber den sinnvollen Einsatz und die Qualit\u00e4t von Gebrauchtteilen. Wenn du also Teile suchst, dann f\u00fclle einfach das untenstehende Formular aus. Wir bieten dir Zubeh\u00f6r- bzw. Neuteile in Erstausr\u00fcsterqualit\u00e4t an, wenn Gebrauchtteile nicht mehr technisch zu empfehlen sind.<\/p>\n<p style=\"text-align: left;\" align=\"right\">\n<div class=\"wpcf7 no-js\" id=\"wpcf7-f66-o1\" lang=\"en-US\" dir=\"ltr\" data-wpcf7-id=\"66\">\n<div class=\"screen-reader-response\"><p role=\"status\" aria-live=\"polite\" aria-atomic=\"true\"><\/p> <ul><\/ul><\/div>\n<form action=\"\/WP\/wp-json\/wp\/v2\/pages\/308#wpcf7-f66-o1\" method=\"post\" class=\"wpcf7-form init\" aria-label=\"Contact form\" novalidate=\"novalidate\" data-status=\"init\">\n<fieldset class=\"hidden-fields-container\"><input type=\"hidden\" name=\"_wpcf7\" value=\"66\" \/><input type=\"hidden\" name=\"_wpcf7_version\" value=\"6.1.5\" \/><input type=\"hidden\" name=\"_wpcf7_locale\" value=\"en_US\" \/><input type=\"hidden\" name=\"_wpcf7_unit_tag\" value=\"wpcf7-f66-o1\" \/><input type=\"hidden\" name=\"_wpcf7_container_post\" value=\"0\" \/><input type=\"hidden\" name=\"_wpcf7_posted_data_hash\" value=\"\" \/>\n<\/fieldset>\n<table bgcolor=\"#F5F5F5\" cellspacing=\"10\" cellpadding=\"20\">\n\t<tr>\n\t\t<td colspan=\"3\">\n\t\t\t<h6><em><span class=\"Apple-style-span\" style=\"font-size: 11px;\">Pflichtfelder sind mit einem Sternchen (*) gekennzeichnet.<\/span><\/em>\n\t\t\t<\/h6>\n\t\t<\/td>\n\t<\/tr>\n\t<tr>\n\t\t<td>\n\t\t\t<p>Name *\n\t\t\t<\/p>\n\t\t<\/td>\n\t\t<td width=\"10px\">\n\t\t<\/td>\n\t\t<td align=\"right\">\n\t\t\t<p><span class=\"wpcf7-form-control-wrap\" data-name=\"your-name\"><input size=\"55\" maxlength=\"400\" class=\"wpcf7-form-control wpcf7-text wpcf7-validates-as-required\" aria-required=\"true\" aria-invalid=\"false\" value=\"\" type=\"text\" name=\"your-name\" \/><\/span>\n\t\t\t<\/p>\n\t\t<\/td>\n\t<\/tr>\n\t<tr>\n\t\t<td>\n\t\t\t<p>eMail *\n\t\t\t<\/p>\n\t\t<\/td>\n\t\t<td width=\"10px\">\n\t\t<\/td>\n\t\t<td align=\"right\">\n\t\t\t<p><span class=\"wpcf7-form-control-wrap\" data-name=\"your-email\"><input size=\"55\" maxlength=\"400\" class=\"wpcf7-form-control wpcf7-email wpcf7-validates-as-required wpcf7-text wpcf7-validates-as-email\" aria-required=\"true\" aria-invalid=\"false\" value=\"\" type=\"email\" name=\"your-email\" \/><\/span>\n\t\t\t<\/p>\n\t\t<\/td>\n\t<\/tr>\n\t<tr>\n\t\t<td>\n\t\t\t<p>Telefonnummer\n\t\t\t<\/p>\n\t\t<\/td>\n\t\t<td width=\"10px\">\n\t\t<\/td>\n\t\t<td align=\"right\">\n\t\t\t<p><span class=\"wpcf7-form-control-wrap\" data-name=\"text-449\"><input size=\"55\" maxlength=\"400\" class=\"wpcf7-form-control wpcf7-text\" aria-invalid=\"false\" value=\"\" type=\"text\" name=\"text-449\" \/><\/span>\n\t\t\t<\/p>\n\t\t<\/td>\n\t<\/tr>\n\t<tr>\n\t\t<td>\n\t\t\t<p>Marke *\n\t\t\t<\/p>\n\t\t<\/td>\n\t\t<td width=\"10px\">\n\t\t<\/td>\n\t\t<td align=\"right\">\n\t\t\t<p><span class=\"wpcf7-form-control-wrap\" data-name=\"menu-24\"><select class=\"wpcf7-form-control wpcf7-select wpcf7-validates-as-required\" aria-required=\"true\" aria-invalid=\"false\" name=\"menu-24\"><option value=\"\">&#8212;Please choose an option&#8212;<\/option><option value=\"Yamaha\">Yamaha<\/option><option value=\"Honda\">Honda<\/option><option value=\"Suzuki\">Suzuki<\/option><option value=\"Kawasaki\">Kawasaki<\/option><option value=\"Triumph\">Triumph<\/option><\/select><\/span>\n\t\t\t<\/p>\n\t\t<\/td>\n\t<\/tr>\n\t<tr>\n\t\t<td>\n\t\t\t<p>Typ *\n\t\t\t<\/p>\n\t\t<\/td>\n\t\t<td width=\"10px\">\n\t\t<\/td>\n\t\t<td align=\"right\">\n\t\t\t<p><span class=\"wpcf7-form-control-wrap\" data-name=\"text-388\"><input size=\"55\" maxlength=\"400\" class=\"wpcf7-form-control wpcf7-text wpcf7-validates-as-required\" aria-required=\"true\" aria-invalid=\"false\" value=\"\" type=\"text\" name=\"text-388\" \/><\/span>\n\t\t\t<\/p>\n\t\t<\/td>\n\t<\/tr>\n\t<tr>\n\t\t<td>\n\t\t\t<p>Fahrgestellnummer *\n\t\t\t<\/p>\n\t\t<\/td>\n\t\t<td width=\"10px\">\n\t\t<\/td>\n\t\t<td align=\"right\">\n\t\t\t<p><span class=\"wpcf7-form-control-wrap\" data-name=\"text-441\"><input size=\"55\" maxlength=\"400\" class=\"wpcf7-form-control wpcf7-text wpcf7-validates-as-required\" aria-required=\"true\" aria-invalid=\"false\" value=\"\" type=\"text\" name=\"text-441\" \/><\/span>\n\t\t\t<\/p>\n\t\t<\/td>\n\t<\/tr>\n\t<tr>\n\t\t<td>\n\t\t\t<p>Erstzulassung *\n\t\t\t<\/p>\n\t\t<\/td>\n\t\t<td width=\"10px\">\n\t\t<\/td>\n\t\t<td align=\"right\">\n\t\t\t<p><span class=\"wpcf7-form-control-wrap\" data-name=\"text-934\"><input size=\"55\" maxlength=\"400\" class=\"wpcf7-form-control wpcf7-text wpcf7-validates-as-required\" aria-required=\"true\" aria-invalid=\"false\" value=\"\" type=\"text\" name=\"text-934\" \/><\/span>\n\t\t\t<\/p>\n\t\t<\/td>\n\t<\/tr>\n\t<tr>\n\t\t<td>\n\t\t\t<p>gesuchte Teile\n\t\t\t<\/p>\n\t\t<\/td>\n\t\t<td width=\"10px\">\n\t\t<\/td>\n\t\t<td align=\"right\">\n\t\t\t<p><span class=\"wpcf7-form-control-wrap\" data-name=\"your-message\"><textarea cols=\"40\" rows=\"5\" maxlength=\"1000\" class=\"wpcf7-form-control wpcf7-textarea\" aria-invalid=\"false\" name=\"your-message\"><\/textarea><\/span>\n\t\t\t<\/p>\n\t\t<\/td>\n\t<\/tr>\n\t<tr>\n\t\t<td colspan=3>\n\t\t\t<p><span class=\"wpcf7-form-control-wrap\" data-name=\"acceptance-727\"><span class=\"wpcf7-form-control wpcf7-acceptance\"><span class=\"wpcf7-list-item\"><input type=\"checkbox\" name=\"acceptance-727\" value=\"1\" aria-invalid=\"false\" \/><\/span><\/span><\/span> Ich bin damit einverstanden, dass meine Angaben zwecks Bearbeitung meiner Anfrage und f\u00fcr den Fall von Anschlussfragen gespeichert werden um mit mir Kontakt aufzunehmen und mir die gew\u00fcnschten Informationen bereitzustellen. Ich kann diese Einwilligung jederzeit durch entsprechende Mitteilung widerrufen. Weitere Informationen k\u00f6nnen Sie unserer <a href=\"https:\/\/motocenter.de\/WP\/datenschutz\/\">Datenschutzerkl\u00e4rung<\/a> entnehmen.\n\t\t\t<\/p>\n\t\t<\/td>\n\t<\/tr>\n\t<tr>\n\t\t<td>\n\t\t<\/td>\n\t\t<td width=\"10px\">\n\t\t<\/td>\n\t\t<td align=\"right\">\n\t\t\t<p><input class=\"wpcf7-form-control wpcf7-submit has-spinner\" type=\"submit\" value=\"Senden\" \/>\n\t\t\t<\/p>\n\t\t<\/td>\n\t<\/tr>\n<\/table><div class=\"wpcf7-response-output\" aria-hidden=\"true\"><\/div>\n<\/form>\n<\/div>\n<\/p>\n<p style=\"text-align: center;\"><strong><span class=\"Apple-style-span\" style=\"font-size: 14px;\">Unsere Mitarbeiter bieten dir gern eine kompetente Beratung bei Ersatzteilproblemen an.<br \/>\n<\/span><span class=\"Apple-style-span\" style=\"font-size: 14px;\">Eine kleine Auswahl an Gebrauchtteilen haben wir in unserem <a title=\"E-Bay\" href=\"http:\/\/stores.ebay.de\/motocenter-hannover\" target=\"_blank\" rel=\"noopener\">eBay Shop<\/a> eingestellt.<\/span><\/strong><\/p>\n","protected":false},"excerpt":{"rendered":"<p>Individuelle Beratung zum Kauf von gebrauchten, originalen oder (Zubeh\u00f6r-)Motorradersatzteilen. Wir wissen, welche Ersatzteile zu deinem Motorrad passen. Wir haben f\u00fcr dich das komplette Teilespektrum aller Hersteller. Dabei ist es egal, ob es sich um originale Ersatzteile der verschiedenen Fahrzeughersteller wie Yamaha, Honda, Kawasaki, Suzuki oder Triumph handelt, oder um Zubeh\u00f6rteile aller bekannten Anbieter. Au\u00dferdem verf\u00fcgen &hellip; <a href=\"https:\/\/motocenter.de\/WP\/ersatzteile\/\">Continue reading <span class=\"meta-nav\">&rarr;<\/span><\/a><\/p>\n","protected":false},"author":1,"featured_media":0,"parent":0,"menu_order":0,"comment_status":"closed","ping_status":"closed","template":"page-right.php","meta":{"footnotes":""},"class_list":["post-308","page","type-page","status-publish","hentry"],"yoast_head":"<!-- This site is optimized with the Yoast SEO plugin v27.4 - https:\/\/yoast.com\/product\/yoast-seo-wordpress\/ -->\n<title>Ersatzteile - Moto Center OHG - Motorradtechnik<\/title>\n<meta name=\"robots\" content=\"index, follow, max-snippet:-1, max-image-preview:large, max-video-preview:-1\" \/>\n<link rel=\"canonical\" href=\"https:\/\/motocenter.de\/WP\/ersatzteile\/\" \/>\n<meta property=\"og:locale\" content=\"de_DE\" \/>\n<meta property=\"og:type\" content=\"article\" \/>\n<meta property=\"og:title\" content=\"Ersatzteile - Moto Center OHG - Motorradtechnik\" \/>\n<meta property=\"og:description\" content=\"Individuelle Beratung zum Kauf von gebrauchten, originalen oder (Zubeh\u00f6r-)Motorradersatzteilen. Wir wissen, welche Ersatzteile zu deinem Motorrad passen. Wir haben f\u00fcr dich das komplette Teilespektrum aller Hersteller. Dabei ist es egal, ob es sich um originale Ersatzteile der verschiedenen Fahrzeughersteller wie Yamaha, Honda, Kawasaki, Suzuki oder Triumph handelt, oder um Zubeh\u00f6rteile aller bekannten Anbieter. Au\u00dferdem verf\u00fcgen &hellip; Continue reading &rarr;\" \/>\n<meta property=\"og:url\" content=\"https:\/\/motocenter.de\/WP\/ersatzteile\/\" \/>\n<meta property=\"og:site_name\" content=\"Moto Center OHG - Motorradtechnik\" \/>\n<meta property=\"article:modified_time\" content=\"2025-01-11T11:39:03+00:00\" \/>\n<meta name=\"twitter:card\" content=\"summary_large_image\" \/>\n<meta name=\"twitter:label1\" content=\"Gesch\u00e4tzte Lesezeit\" \/>\n\t<meta name=\"twitter:data1\" content=\"1\u00a0Minute\" \/>\n<script type=\"application\/ld+json\" class=\"yoast-schema-graph\">{\"@context\":\"https:\\\/\\\/schema.org\",\"@graph\":[{\"@type\":\"WebPage\",\"@id\":\"https:\\\/\\\/motocenter.de\\\/WP\\\/ersatzteile\\\/\",\"url\":\"https:\\\/\\\/motocenter.de\\\/WP\\\/ersatzteile\\\/\",\"name\":\"Ersatzteile - Moto Center OHG - Motorradtechnik\",\"isPartOf\":{\"@id\":\"https:\\\/\\\/motocenter.de\\\/WP\\\/#website\"},\"datePublished\":\"2013-10-11T17:46:57+00:00\",\"dateModified\":\"2025-01-11T11:39:03+00:00\",\"breadcrumb\":{\"@id\":\"https:\\\/\\\/motocenter.de\\\/WP\\\/ersatzteile\\\/#breadcrumb\"},\"inLanguage\":\"de\",\"potentialAction\":[{\"@type\":\"ReadAction\",\"target\":[\"https:\\\/\\\/motocenter.de\\\/WP\\\/ersatzteile\\\/\"]}]},{\"@type\":\"BreadcrumbList\",\"@id\":\"https:\\\/\\\/motocenter.de\\\/WP\\\/ersatzteile\\\/#breadcrumb\",\"itemListElement\":[{\"@type\":\"ListItem\",\"position\":1,\"name\":\"Startseite\",\"item\":\"https:\\\/\\\/motocenter.de\\\/WP\\\/\"},{\"@type\":\"ListItem\",\"position\":2,\"name\":\"Ersatzteile\"}]},{\"@type\":\"WebSite\",\"@id\":\"https:\\\/\\\/motocenter.de\\\/WP\\\/#website\",\"url\":\"https:\\\/\\\/motocenter.de\\\/WP\\\/\",\"name\":\"Moto Center OHG - Motorradtechnik\",\"description\":\"\",\"potentialAction\":[{\"@type\":\"SearchAction\",\"target\":{\"@type\":\"EntryPoint\",\"urlTemplate\":\"https:\\\/\\\/motocenter.de\\\/WP\\\/?s={search_term_string}\"},\"query-input\":{\"@type\":\"PropertyValueSpecification\",\"valueRequired\":true,\"valueName\":\"search_term_string\"}}],\"inLanguage\":\"de\"}]}<\/script>\n<!-- \/ Yoast SEO plugin. -->","yoast_head_json":{"title":"Ersatzteile - Moto Center OHG - Motorradtechnik","robots":{"index":"index","follow":"follow","max-snippet":"max-snippet:-1","max-image-preview":"max-image-preview:large","max-video-preview":"max-video-preview:-1"},"canonical":"https:\/\/motocenter.de\/WP\/ersatzteile\/","og_locale":"de_DE","og_type":"article","og_title":"Ersatzteile - Moto Center OHG - Motorradtechnik","og_description":"Individuelle Beratung zum Kauf von gebrauchten, originalen oder (Zubeh\u00f6r-)Motorradersatzteilen. Wir wissen, welche Ersatzteile zu deinem Motorrad passen. Wir haben f\u00fcr dich das komplette Teilespektrum aller Hersteller. Dabei ist es egal, ob es sich um originale Ersatzteile der verschiedenen Fahrzeughersteller wie Yamaha, Honda, Kawasaki, Suzuki oder Triumph handelt, oder um Zubeh\u00f6rteile aller bekannten Anbieter. Au\u00dferdem verf\u00fcgen &hellip; Continue reading &rarr;","og_url":"https:\/\/motocenter.de\/WP\/ersatzteile\/","og_site_name":"Moto Center OHG - Motorradtechnik","article_modified_time":"2025-01-11T11:39:03+00:00","twitter_card":"summary_large_image","twitter_misc":{"Gesch\u00e4tzte Lesezeit":"1\u00a0Minute"},"schema":{"@context":"https:\/\/schema.org","@graph":[{"@type":"WebPage","@id":"https:\/\/motocenter.de\/WP\/ersatzteile\/","url":"https:\/\/motocenter.de\/WP\/ersatzteile\/","name":"Ersatzteile - Moto Center OHG - Motorradtechnik","isPartOf":{"@id":"https:\/\/motocenter.de\/WP\/#website"},"datePublished":"2013-10-11T17:46:57+00:00","dateModified":"2025-01-11T11:39:03+00:00","breadcrumb":{"@id":"https:\/\/motocenter.de\/WP\/ersatzteile\/#breadcrumb"},"inLanguage":"de","potentialAction":[{"@type":"ReadAction","target":["https:\/\/motocenter.de\/WP\/ersatzteile\/"]}]},{"@type":"BreadcrumbList","@id":"https:\/\/motocenter.de\/WP\/ersatzteile\/#breadcrumb","itemListElement":[{"@type":"ListItem","position":1,"name":"Startseite","item":"https:\/\/motocenter.de\/WP\/"},{"@type":"ListItem","position":2,"name":"Ersatzteile"}]},{"@type":"WebSite","@id":"https:\/\/motocenter.de\/WP\/#website","url":"https:\/\/motocenter.de\/WP\/","name":"Moto Center OHG - Motorradtechnik","description":"","potentialAction":[{"@type":"SearchAction","target":{"@type":"EntryPoint","urlTemplate":"https:\/\/motocenter.de\/WP\/?s={search_term_string}"},"query-input":{"@type":"PropertyValueSpecification","valueRequired":true,"valueName":"search_term_string"}}],"inLanguage":"de"}]}},"_links":{"self":[{"href":"https:\/\/motocenter.de\/WP\/wp-json\/wp\/v2\/pages\/308","targetHints":{"allow":["GET"]}}],"collection":[{"href":"https:\/\/motocenter.de\/WP\/wp-json\/wp\/v2\/pages"}],"about":[{"href":"https:\/\/motocenter.de\/WP\/wp-json\/wp\/v2\/types\/page"}],"author":[{"embeddable":true,"href":"https:\/\/motocenter.de\/WP\/wp-json\/wp\/v2\/users\/1"}],"replies":[{"embeddable":true,"href":"https:\/\/motocenter.de\/WP\/wp-json\/wp\/v2\/comments?post=308"}],"version-history":[{"count":34,"href":"https:\/\/motocenter.de\/WP\/wp-json\/wp\/v2\/pages\/308\/revisions"}],"predecessor-version":[{"id":1697,"href":"https:\/\/motocenter.de\/WP\/wp-json\/wp\/v2\/pages\/308\/revisions\/1697"}],"wp:attachment":[{"href":"https:\/\/motocenter.de\/WP\/wp-json\/wp\/v2\/media?parent=308"}],"curies":[{"name":"wp","href":"https:\/\/api.w.org\/{rel}","templated":true}]}}