{"id":200,"date":"2013-01-15T13:31:12","date_gmt":"2013-01-15T13:31:12","guid":{"rendered":"http:\/\/motocenter.de\/WP\/?page_id=200"},"modified":"2014-07-28T15:24:00","modified_gmt":"2014-07-28T15:24:00","slug":"werkstatt","status":"publish","type":"page","link":"https:\/\/motocenter.de\/WP\/werkstatt\/","title":{"rendered":"Werkstatt"},"content":{"rendered":"<p style=\"text-align: left;\"><strong>Fachberatung und Werkstatt mit modernsten Diagnosetools.\u00a0<\/strong><\/p>\n<p style=\"text-align: left;\">Wenn du technische Probleme oder Fragen zum Chopper- oder Superbike-Umbau hast, dann steht dir unsere Meisterwerkstatt mit Rat und Tat zur Seite. Wir f\u00fchren s\u00e4mtliche Arbeiten mit langj\u00e4hriger Erfahrung und h\u00f6chster Sorgfalt aus.<strong><br \/>\n<\/strong><\/p>\n<ul>\n<li style=\"text-align: left;\">Kostenreduzierung durch zeitwertgerechte Reparaturen<\/li>\n<li style=\"text-align: left;\">Fehlersuche mit modernsten Diagnosetools<\/li>\n<li style=\"text-align: left;\">Durchf\u00fchrung jeglicher Umbauten<\/li>\n<li style=\"text-align: left;\">Leistungs\u00e4nderungen, z.B. 35 kW-Drosselung<\/li>\n<li style=\"text-align: left;\">Fahrwerksh\u00f6her- oder Tieferlegungen<\/li>\n<li style=\"text-align: left;\">Optimierung deines Motorrades<\/li>\n<li style=\"text-align: left;\">t\u00e4gliche Hauptuntersuchungen<\/li>\n<li style=\"text-align: left;\">Beratung bei Fragen zu Original-, Zubeh\u00f6r- oder Gebrauchtteilen<\/li>\n<li style=\"text-align: left;\">technische Unfallschadenabwicklung (keine Rechtsberatung), Gutachten, Miet-\/ Ersatzfahrzeug<\/li>\n<li style=\"text-align: left;\">Rahmen- und Fahrwerksvermessung ohne Motorausbau<\/li>\n<li style=\"text-align: left;\">Reifenservice<\/li>\n<\/ul>\n","protected":false},"excerpt":{"rendered":"<p>Fachberatung und Werkstatt mit modernsten Diagnosetools.\u00a0 Wenn du technische Probleme oder Fragen zum Chopper- oder Superbike-Umbau hast, dann steht dir unsere Meisterwerkstatt mit Rat und Tat zur Seite. Wir f\u00fchren s\u00e4mtliche Arbeiten mit langj\u00e4hriger Erfahrung und h\u00f6chster Sorgfalt aus. Kostenreduzierung durch zeitwertgerechte Reparaturen Fehlersuche mit modernsten Diagnosetools Durchf\u00fchrung jeglicher Umbauten Leistungs\u00e4nderungen, z.B. 35 kW-Drosselung Fahrwerksh\u00f6her- &hellip; <a href=\"https:\/\/motocenter.de\/WP\/werkstatt\/\">Continue reading <span class=\"meta-nav\">&rarr;<\/span><\/a><\/p>\n","protected":false},"author":1,"featured_media":0,"parent":0,"menu_order":0,"comment_status":"closed","ping_status":"closed","template":"page-right.php","meta":{"footnotes":""},"class_list":["post-200","page","type-page","status-publish","hentry"],"yoast_head":"<!-- This site is optimized with the Yoast SEO plugin v27.4 - https:\/\/yoast.com\/product\/yoast-seo-wordpress\/ -->\n<title>Werkstatt - Moto Center OHG - Motorradtechnik<\/title>\n<meta name=\"robots\" content=\"index, follow, max-snippet:-1, max-image-preview:large, max-video-preview:-1\" \/>\n<link rel=\"canonical\" href=\"https:\/\/motocenter.de\/WP\/werkstatt\/\" \/>\n<meta property=\"og:locale\" content=\"de_DE\" \/>\n<meta property=\"og:type\" content=\"article\" \/>\n<meta property=\"og:title\" content=\"Werkstatt - Moto Center OHG - Motorradtechnik\" \/>\n<meta property=\"og:description\" content=\"Fachberatung und Werkstatt mit modernsten Diagnosetools.\u00a0 Wenn du technische Probleme oder Fragen zum Chopper- oder Superbike-Umbau hast, dann steht dir unsere Meisterwerkstatt mit Rat und Tat zur Seite. Wir f\u00fchren s\u00e4mtliche Arbeiten mit langj\u00e4hriger Erfahrung und h\u00f6chster Sorgfalt aus. Kostenreduzierung durch zeitwertgerechte Reparaturen Fehlersuche mit modernsten Diagnosetools Durchf\u00fchrung jeglicher Umbauten Leistungs\u00e4nderungen, z.B. 35 kW-Drosselung Fahrwerksh\u00f6her- &hellip; Continue reading &rarr;\" \/>\n<meta property=\"og:url\" content=\"https:\/\/motocenter.de\/WP\/werkstatt\/\" \/>\n<meta property=\"og:site_name\" content=\"Moto Center OHG - Motorradtechnik\" \/>\n<meta property=\"article:modified_time\" content=\"2014-07-28T15:24:00+00:00\" \/>\n<meta name=\"twitter:card\" content=\"summary_large_image\" \/>\n<script type=\"application\/ld+json\" class=\"yoast-schema-graph\">{\"@context\":\"https:\\\/\\\/schema.org\",\"@graph\":[{\"@type\":\"WebPage\",\"@id\":\"https:\\\/\\\/motocenter.de\\\/WP\\\/werkstatt\\\/\",\"url\":\"https:\\\/\\\/motocenter.de\\\/WP\\\/werkstatt\\\/\",\"name\":\"Werkstatt - Moto Center OHG - Motorradtechnik\",\"isPartOf\":{\"@id\":\"https:\\\/\\\/motocenter.de\\\/WP\\\/#website\"},\"datePublished\":\"2013-01-15T13:31:12+00:00\",\"dateModified\":\"2014-07-28T15:24:00+00:00\",\"breadcrumb\":{\"@id\":\"https:\\\/\\\/motocenter.de\\\/WP\\\/werkstatt\\\/#breadcrumb\"},\"inLanguage\":\"de\",\"potentialAction\":[{\"@type\":\"ReadAction\",\"target\":[\"https:\\\/\\\/motocenter.de\\\/WP\\\/werkstatt\\\/\"]}]},{\"@type\":\"BreadcrumbList\",\"@id\":\"https:\\\/\\\/motocenter.de\\\/WP\\\/werkstatt\\\/#breadcrumb\",\"itemListElement\":[{\"@type\":\"ListItem\",\"position\":1,\"name\":\"Startseite\",\"item\":\"https:\\\/\\\/motocenter.de\\\/WP\\\/\"},{\"@type\":\"ListItem\",\"position\":2,\"name\":\"Werkstatt\"}]},{\"@type\":\"WebSite\",\"@id\":\"https:\\\/\\\/motocenter.de\\\/WP\\\/#website\",\"url\":\"https:\\\/\\\/motocenter.de\\\/WP\\\/\",\"name\":\"Moto Center OHG - Motorradtechnik\",\"description\":\"\",\"potentialAction\":[{\"@type\":\"SearchAction\",\"target\":{\"@type\":\"EntryPoint\",\"urlTemplate\":\"https:\\\/\\\/motocenter.de\\\/WP\\\/?s={search_term_string}\"},\"query-input\":{\"@type\":\"PropertyValueSpecification\",\"valueRequired\":true,\"valueName\":\"search_term_string\"}}],\"inLanguage\":\"de\"}]}<\/script>\n<!-- \/ Yoast SEO plugin. -->","yoast_head_json":{"title":"Werkstatt - Moto Center OHG - Motorradtechnik","robots":{"index":"index","follow":"follow","max-snippet":"max-snippet:-1","max-image-preview":"max-image-preview:large","max-video-preview":"max-video-preview:-1"},"canonical":"https:\/\/motocenter.de\/WP\/werkstatt\/","og_locale":"de_DE","og_type":"article","og_title":"Werkstatt - Moto Center OHG - Motorradtechnik","og_description":"Fachberatung und Werkstatt mit modernsten Diagnosetools.\u00a0 Wenn du technische Probleme oder Fragen zum Chopper- oder Superbike-Umbau hast, dann steht dir unsere Meisterwerkstatt mit Rat und Tat zur Seite. Wir f\u00fchren s\u00e4mtliche Arbeiten mit langj\u00e4hriger Erfahrung und h\u00f6chster Sorgfalt aus. Kostenreduzierung durch zeitwertgerechte Reparaturen Fehlersuche mit modernsten Diagnosetools Durchf\u00fchrung jeglicher Umbauten Leistungs\u00e4nderungen, z.B. 35 kW-Drosselung Fahrwerksh\u00f6her- &hellip; Continue reading &rarr;","og_url":"https:\/\/motocenter.de\/WP\/werkstatt\/","og_site_name":"Moto Center OHG - Motorradtechnik","article_modified_time":"2014-07-28T15:24:00+00:00","twitter_card":"summary_large_image","schema":{"@context":"https:\/\/schema.org","@graph":[{"@type":"WebPage","@id":"https:\/\/motocenter.de\/WP\/werkstatt\/","url":"https:\/\/motocenter.de\/WP\/werkstatt\/","name":"Werkstatt - Moto Center OHG - Motorradtechnik","isPartOf":{"@id":"https:\/\/motocenter.de\/WP\/#website"},"datePublished":"2013-01-15T13:31:12+00:00","dateModified":"2014-07-28T15:24:00+00:00","breadcrumb":{"@id":"https:\/\/motocenter.de\/WP\/werkstatt\/#breadcrumb"},"inLanguage":"de","potentialAction":[{"@type":"ReadAction","target":["https:\/\/motocenter.de\/WP\/werkstatt\/"]}]},{"@type":"BreadcrumbList","@id":"https:\/\/motocenter.de\/WP\/werkstatt\/#breadcrumb","itemListElement":[{"@type":"ListItem","position":1,"name":"Startseite","item":"https:\/\/motocenter.de\/WP\/"},{"@type":"ListItem","position":2,"name":"Werkstatt"}]},{"@type":"WebSite","@id":"https:\/\/motocenter.de\/WP\/#website","url":"https:\/\/motocenter.de\/WP\/","name":"Moto Center OHG - Motorradtechnik","description":"","potentialAction":[{"@type":"SearchAction","target":{"@type":"EntryPoint","urlTemplate":"https:\/\/motocenter.de\/WP\/?s={search_term_string}"},"query-input":{"@type":"PropertyValueSpecification","valueRequired":true,"valueName":"search_term_string"}}],"inLanguage":"de"}]}},"_links":{"self":[{"href":"https:\/\/motocenter.de\/WP\/wp-json\/wp\/v2\/pages\/200","targetHints":{"allow":["GET"]}}],"collection":[{"href":"https:\/\/motocenter.de\/WP\/wp-json\/wp\/v2\/pages"}],"about":[{"href":"https:\/\/motocenter.de\/WP\/wp-json\/wp\/v2\/types\/page"}],"author":[{"embeddable":true,"href":"https:\/\/motocenter.de\/WP\/wp-json\/wp\/v2\/users\/1"}],"replies":[{"embeddable":true,"href":"https:\/\/motocenter.de\/WP\/wp-json\/wp\/v2\/comments?post=200"}],"version-history":[{"count":14,"href":"https:\/\/motocenter.de\/WP\/wp-json\/wp\/v2\/pages\/200\/revisions"}],"predecessor-version":[{"id":839,"href":"https:\/\/motocenter.de\/WP\/wp-json\/wp\/v2\/pages\/200\/revisions\/839"}],"wp:attachment":[{"href":"https:\/\/motocenter.de\/WP\/wp-json\/wp\/v2\/media?parent=200"}],"curies":[{"name":"wp","href":"https:\/\/api.w.org\/{rel}","templated":true}]}}