{"id":189,"date":"2015-10-26T15:50:29","date_gmt":"2015-10-26T15:50:29","guid":{"rendered":"http:\/\/motocenter.de\/WP\/?page_id=189"},"modified":"2024-07-09T15:30:53","modified_gmt":"2024-07-09T15:30:53","slug":"news-presse","status":"publish","type":"page","link":"https:\/\/motocenter.de\/WP\/news-presse\/","title":{"rendered":"News\/ Presse"},"content":{"rendered":"<p><strong>Hier haben wir n\u00fctzliche Hinweise, aktuelle Termine, Neuerungen und erw\u00e4hnenswerte Ereignisse im Raum Hannover zusammengestellt.<br \/>\n<\/strong><\/p>\n<table style=\"background-color: #fafafa;\" border=\"0\" cellspacing=\"10\" cellpadding=\"10\">\n<tbody>\n<tr style=\"background-color: #fafafa;\">\n<td style=\"text-align: justify;\"><img loading=\"lazy\" decoding=\"async\" class=\"size-full wp-image-916 alignnone\" src=\"https:\/\/motocenter.de\/WP\/wp-content\/uploads\/2015\/01\/Logo-Messe-final-web-150x98.png\" alt=\"Logo-Messe-final-web\" width=\"150\" height=\"98\" \/><\/td>\n<td valign=\"top\"><strong>BikeZ 2016<\/strong><br \/>\n20.2. &#8211; 21.02.2016<br \/>\nZum zweiten\u00a0Mal pr\u00e4sentieren sich s\u00e4mtliche Fachh\u00e4ndler der Region Hannover auf der BikeZ.<br \/>\n<a style=\"font-family: inherit; font-size: inherit; line-height: 1.5;\" href=\"https:\/\/motocenter.de\/WP\/wp-content\/uploads\/2016\/02\/Flyer-BikeZ-DINlang-2016neu.pdf\" target=\"_blank\" rel=\"noopener noreferrer\">Download Flyer (PDF)<\/a><\/td>\n<\/tr>\n<tr style=\"background-color: #f2f2f2;\">\n<td style=\"text-align: justify;\">\u00a0<a href=\"https:\/\/web.archive.org\/web\/20180830043120\/https:\/\/www.yamaha-motor.eu\/de\/products\/motorcycles\/sport-heritage\/xsr700.aspx\" target=\"_blank\" rel=\"noopener noreferrer\"><img loading=\"lazy\" decoding=\"async\" class=\"wp-image-1019 size-thumbnail alignnone\" src=\"https:\/\/motocenter.de\/WP\/wp-content\/uploads\/2015\/10\/XSR7001-150x102.jpg\" alt=\"YAMAHA 2016 XSR700\" width=\"150\" height=\"102\" \/><\/a><\/td>\n<td valign=\"top\"><strong>YAMAHA XSR 700<\/strong><br \/>\nDie 2016er\u00a0XSR 700 von YAMAHA wird im Dezember bei uns eintreffen.<br \/>\nKlassisch, mit einem kraftvollem Zweizylinder 689 ccm Motor (74,8 PS), kommt die neue XSR 700 daher.<br \/>\n\u00dcberzeugt euch selbst ab Dezember bei uns im MotoCenter.<\/td>\n<\/tr>\n<tr style=\"background-color: #fafafa;\">\n<td style=\"text-align: justify;\"><img loading=\"lazy\" decoding=\"async\" class=\"size-full wp-image-916 alignnone\" src=\"https:\/\/motocenter.de\/WP\/wp-content\/uploads\/2015\/01\/Logo-Messe-final-web-150x98.png\" alt=\"Logo-Messe-final-web\" width=\"150\" height=\"98\" \/><\/td>\n<td valign=\"top\"><strong>BikeZ 2015<\/strong><br \/>\n28.2.2015 &#8211; 1.3.2015<br \/>\nZum ersten Mal pr\u00e4sentieren sich s\u00e4mtliche Fachh\u00e4ndler der Region Hannover auf der BikeZ.<br \/>\n<a style=\"font-family: inherit; font-size: inherit; line-height: 1.5;\" href=\"https:\/\/motocenter.de\/WP\/wp-content\/uploads\/2015\/01\/bikez.pdf\" target=\"_blank\" rel=\"noopener noreferrer\">Download Flyer (PDF)<\/a><\/td>\n<\/tr>\n<tr style=\"background-color: #f2f2f2;\">\n<td style=\"text-align: justify;\"><img loading=\"lazy\" decoding=\"async\" class=\"size-full wp-image-517 alignnone\" src=\"https:\/\/motocenter.de\/WP\/wp-content\/uploads\/2013\/10\/start.jpg\" alt=\"\" width=\"150\" height=\"113\" \/><\/td>\n<td valign=\"top\"><strong>Start Up Day 2013<br \/>\n<\/strong>Es ist wieder soweit. Am 21.04 findet ihr uns wieder beim StartUpDay auf dem Gel\u00e4nde des ADAC Fahrsicherheits Zentrums.<br \/>\n<a style=\"font-family: inherit; font-size: inherit; line-height: 1.5;\" href=\"https:\/\/motocenter.de\/WP\/wp-content\/uploads\/2013\/10\/StartUpFlyer_1202.pdf\" target=\"new\" rel=\"noopener noreferrer\">Download Flyer (PDF)<\/a><\/td>\n<\/tr>\n<tr style=\"background-color: #f2f2f2;\">\n<td style=\"text-align: justify;\"><img loading=\"lazy\" decoding=\"async\" class=\"size-full wp-image-514 alignnone\" src=\"https:\/\/motocenter.de\/WP\/wp-content\/uploads\/2013\/10\/startup.jpg\" alt=\"\" width=\"150\" height=\"113\" \/><\/td>\n<td valign=\"top\"><strong>Start Up Day 2012<br \/>\n<\/strong>Am 22.04 findet Ihr uns im ADAC Fahrsicherheits-Zentrum, beim Start Up Day.<br \/>\n<a style=\"font-family: inherit; font-size: inherit; line-height: 1.5;\" href=\"https:\/\/motocenter.de\/WP\/wp-content\/uploads\/2013\/10\/StartUpDay.pdf\" target=\"new\" rel=\"noopener noreferrer\">Download Flyer (PDF)<\/a><\/td>\n<\/tr>\n<tr style=\"background-color: #fafafa;\">\n<td style=\"text-align: justify;\"><img loading=\"lazy\" decoding=\"async\" class=\"size-full wp-image-515 alignnone\" src=\"https:\/\/motocenter.de\/WP\/wp-content\/uploads\/2013\/10\/classic.jpg\" alt=\"\" width=\"150\" height=\"113\" \/><\/td>\n<td valign=\"top\"><strong>Motorrad Classic 02\/2012<br \/>\n<\/strong>Der Gl\u00fcckstreffer. Die RD 350 von 1983 mit zwei Kilometern auf der Uhr.<br \/>\n<a href=\"https:\/\/motocenter.de\/WP\/wp-content\/uploads\/2013\/10\/center_2.pdf\" target=\"new\" rel=\"noopener noreferrer\">Download Artikel (PDF)<\/a><\/td>\n<\/tr>\n<tr style=\"background-color: #f2f2f2;\">\n<td style=\"text-align: justify;\"><img loading=\"lazy\" decoding=\"async\" class=\"size-full wp-image-516 alignnone\" src=\"https:\/\/motocenter.de\/WP\/wp-content\/uploads\/2013\/10\/mo.jpg\" alt=\"\" width=\"150\" height=\"113\" \/><\/td>\n<td valign=\"top\"><strong>Motorrad Magazin 10\/2010<br \/>\n<\/strong>Umbau einer Suzuki DL 1000 SM zum kosteng\u00fcnstigen Funbike.<br \/>\n<a href=\"https:\/\/motocenter.de\/WP\/wp-content\/uploads\/2013\/10\/center_1.pdf\" target=\"new\" rel=\"noopener noreferrer\">Download Artikel (PDF)<\/a><\/td>\n<\/tr>\n<\/tbody>\n<\/table>\n","protected":false},"excerpt":{"rendered":"<p>Hier haben wir n\u00fctzliche Hinweise, aktuelle Termine, Neuerungen und erw\u00e4hnenswerte Ereignisse im Raum Hannover zusammengestellt. BikeZ 2016 20.2. &#8211; 21.02.2016 Zum zweiten\u00a0Mal pr\u00e4sentieren sich s\u00e4mtliche Fachh\u00e4ndler der Region Hannover auf der BikeZ. Download Flyer (PDF) \u00a0 YAMAHA XSR 700 Die 2016er\u00a0XSR 700 von YAMAHA wird im Dezember bei uns eintreffen. Klassisch, mit einem kraftvollem Zweizylinder &hellip; <a href=\"https:\/\/motocenter.de\/WP\/news-presse\/\">Continue reading <span class=\"meta-nav\">&rarr;<\/span><\/a><\/p>\n","protected":false},"author":1,"featured_media":0,"parent":0,"menu_order":0,"comment_status":"closed","ping_status":"closed","template":"","meta":{"footnotes":""},"class_list":["post-189","page","type-page","status-publish","hentry"],"yoast_head":"<!-- This site is optimized with the Yoast SEO plugin v27.4 - https:\/\/yoast.com\/product\/yoast-seo-wordpress\/ -->\n<title>News\/ Presse - Moto Center OHG - Motorradtechnik<\/title>\n<meta name=\"robots\" content=\"index, follow, max-snippet:-1, max-image-preview:large, max-video-preview:-1\" \/>\n<link rel=\"canonical\" href=\"https:\/\/motocenter.de\/WP\/news-presse\/\" \/>\n<meta property=\"og:locale\" content=\"de_DE\" \/>\n<meta property=\"og:type\" content=\"article\" \/>\n<meta property=\"og:title\" content=\"News\/ Presse - Moto Center OHG - Motorradtechnik\" \/>\n<meta property=\"og:description\" content=\"Hier haben wir n\u00fctzliche Hinweise, aktuelle Termine, Neuerungen und erw\u00e4hnenswerte Ereignisse im Raum Hannover zusammengestellt. BikeZ 2016 20.2. &#8211; 21.02.2016 Zum zweiten\u00a0Mal pr\u00e4sentieren sich s\u00e4mtliche Fachh\u00e4ndler der Region Hannover auf der BikeZ. Download Flyer (PDF) \u00a0 YAMAHA XSR 700 Die 2016er\u00a0XSR 700 von YAMAHA wird im Dezember bei uns eintreffen. Klassisch, mit einem kraftvollem Zweizylinder &hellip; Continue reading &rarr;\" \/>\n<meta property=\"og:url\" content=\"https:\/\/motocenter.de\/WP\/news-presse\/\" \/>\n<meta property=\"og:site_name\" content=\"Moto Center OHG - Motorradtechnik\" \/>\n<meta property=\"article:modified_time\" content=\"2024-07-09T15:30:53+00:00\" \/>\n<meta property=\"og:image\" content=\"https:\/\/motocenter.de\/WP\/wp-content\/uploads\/2015\/01\/Logo-Messe-final-web.png\" \/>\n\t<meta property=\"og:image:width\" content=\"150\" \/>\n\t<meta property=\"og:image:height\" content=\"98\" \/>\n\t<meta property=\"og:image:type\" content=\"image\/png\" \/>\n<meta name=\"twitter:card\" content=\"summary_large_image\" \/>\n<meta name=\"twitter:label1\" content=\"Gesch\u00e4tzte Lesezeit\" \/>\n\t<meta name=\"twitter:data1\" content=\"1\u00a0Minute\" \/>\n<script type=\"application\/ld+json\" class=\"yoast-schema-graph\">{\"@context\":\"https:\\\/\\\/schema.org\",\"@graph\":[{\"@type\":\"WebPage\",\"@id\":\"https:\\\/\\\/motocenter.de\\\/WP\\\/news-presse\\\/\",\"url\":\"https:\\\/\\\/motocenter.de\\\/WP\\\/news-presse\\\/\",\"name\":\"News\\\/ Presse - Moto Center OHG - Motorradtechnik\",\"isPartOf\":{\"@id\":\"https:\\\/\\\/motocenter.de\\\/WP\\\/#website\"},\"primaryImageOfPage\":{\"@id\":\"https:\\\/\\\/motocenter.de\\\/WP\\\/news-presse\\\/#primaryimage\"},\"image\":{\"@id\":\"https:\\\/\\\/motocenter.de\\\/WP\\\/news-presse\\\/#primaryimage\"},\"thumbnailUrl\":\"https:\\\/\\\/motocenter.de\\\/WP\\\/wp-content\\\/uploads\\\/2015\\\/01\\\/Logo-Messe-final-web-150x98.png\",\"datePublished\":\"2015-10-26T15:50:29+00:00\",\"dateModified\":\"2024-07-09T15:30:53+00:00\",\"breadcrumb\":{\"@id\":\"https:\\\/\\\/motocenter.de\\\/WP\\\/news-presse\\\/#breadcrumb\"},\"inLanguage\":\"de\",\"potentialAction\":[{\"@type\":\"ReadAction\",\"target\":[\"https:\\\/\\\/motocenter.de\\\/WP\\\/news-presse\\\/\"]}]},{\"@type\":\"ImageObject\",\"inLanguage\":\"de\",\"@id\":\"https:\\\/\\\/motocenter.de\\\/WP\\\/news-presse\\\/#primaryimage\",\"url\":\"https:\\\/\\\/motocenter.de\\\/WP\\\/wp-content\\\/uploads\\\/2015\\\/01\\\/Logo-Messe-final-web.png\",\"contentUrl\":\"https:\\\/\\\/motocenter.de\\\/WP\\\/wp-content\\\/uploads\\\/2015\\\/01\\\/Logo-Messe-final-web.png\",\"width\":150,\"height\":98},{\"@type\":\"BreadcrumbList\",\"@id\":\"https:\\\/\\\/motocenter.de\\\/WP\\\/news-presse\\\/#breadcrumb\",\"itemListElement\":[{\"@type\":\"ListItem\",\"position\":1,\"name\":\"Startseite\",\"item\":\"https:\\\/\\\/motocenter.de\\\/WP\\\/\"},{\"@type\":\"ListItem\",\"position\":2,\"name\":\"News\\\/ Presse\"}]},{\"@type\":\"WebSite\",\"@id\":\"https:\\\/\\\/motocenter.de\\\/WP\\\/#website\",\"url\":\"https:\\\/\\\/motocenter.de\\\/WP\\\/\",\"name\":\"Moto Center OHG - Motorradtechnik\",\"description\":\"\",\"potentialAction\":[{\"@type\":\"SearchAction\",\"target\":{\"@type\":\"EntryPoint\",\"urlTemplate\":\"https:\\\/\\\/motocenter.de\\\/WP\\\/?s={search_term_string}\"},\"query-input\":{\"@type\":\"PropertyValueSpecification\",\"valueRequired\":true,\"valueName\":\"search_term_string\"}}],\"inLanguage\":\"de\"}]}<\/script>\n<!-- \/ Yoast SEO plugin. -->","yoast_head_json":{"title":"News\/ Presse - Moto Center OHG - Motorradtechnik","robots":{"index":"index","follow":"follow","max-snippet":"max-snippet:-1","max-image-preview":"max-image-preview:large","max-video-preview":"max-video-preview:-1"},"canonical":"https:\/\/motocenter.de\/WP\/news-presse\/","og_locale":"de_DE","og_type":"article","og_title":"News\/ Presse - Moto Center OHG - Motorradtechnik","og_description":"Hier haben wir n\u00fctzliche Hinweise, aktuelle Termine, Neuerungen und erw\u00e4hnenswerte Ereignisse im Raum Hannover zusammengestellt. BikeZ 2016 20.2. &#8211; 21.02.2016 Zum zweiten\u00a0Mal pr\u00e4sentieren sich s\u00e4mtliche Fachh\u00e4ndler der Region Hannover auf der BikeZ. Download Flyer (PDF) \u00a0 YAMAHA XSR 700 Die 2016er\u00a0XSR 700 von YAMAHA wird im Dezember bei uns eintreffen. Klassisch, mit einem kraftvollem Zweizylinder &hellip; Continue reading &rarr;","og_url":"https:\/\/motocenter.de\/WP\/news-presse\/","og_site_name":"Moto Center OHG - Motorradtechnik","article_modified_time":"2024-07-09T15:30:53+00:00","og_image":[{"width":150,"height":98,"url":"https:\/\/motocenter.de\/WP\/wp-content\/uploads\/2015\/01\/Logo-Messe-final-web.png","type":"image\/png"}],"twitter_card":"summary_large_image","twitter_misc":{"Gesch\u00e4tzte Lesezeit":"1\u00a0Minute"},"schema":{"@context":"https:\/\/schema.org","@graph":[{"@type":"WebPage","@id":"https:\/\/motocenter.de\/WP\/news-presse\/","url":"https:\/\/motocenter.de\/WP\/news-presse\/","name":"News\/ Presse - Moto Center OHG - Motorradtechnik","isPartOf":{"@id":"https:\/\/motocenter.de\/WP\/#website"},"primaryImageOfPage":{"@id":"https:\/\/motocenter.de\/WP\/news-presse\/#primaryimage"},"image":{"@id":"https:\/\/motocenter.de\/WP\/news-presse\/#primaryimage"},"thumbnailUrl":"https:\/\/motocenter.de\/WP\/wp-content\/uploads\/2015\/01\/Logo-Messe-final-web-150x98.png","datePublished":"2015-10-26T15:50:29+00:00","dateModified":"2024-07-09T15:30:53+00:00","breadcrumb":{"@id":"https:\/\/motocenter.de\/WP\/news-presse\/#breadcrumb"},"inLanguage":"de","potentialAction":[{"@type":"ReadAction","target":["https:\/\/motocenter.de\/WP\/news-presse\/"]}]},{"@type":"ImageObject","inLanguage":"de","@id":"https:\/\/motocenter.de\/WP\/news-presse\/#primaryimage","url":"https:\/\/motocenter.de\/WP\/wp-content\/uploads\/2015\/01\/Logo-Messe-final-web.png","contentUrl":"https:\/\/motocenter.de\/WP\/wp-content\/uploads\/2015\/01\/Logo-Messe-final-web.png","width":150,"height":98},{"@type":"BreadcrumbList","@id":"https:\/\/motocenter.de\/WP\/news-presse\/#breadcrumb","itemListElement":[{"@type":"ListItem","position":1,"name":"Startseite","item":"https:\/\/motocenter.de\/WP\/"},{"@type":"ListItem","position":2,"name":"News\/ Presse"}]},{"@type":"WebSite","@id":"https:\/\/motocenter.de\/WP\/#website","url":"https:\/\/motocenter.de\/WP\/","name":"Moto Center OHG - Motorradtechnik","description":"","potentialAction":[{"@type":"SearchAction","target":{"@type":"EntryPoint","urlTemplate":"https:\/\/motocenter.de\/WP\/?s={search_term_string}"},"query-input":{"@type":"PropertyValueSpecification","valueRequired":true,"valueName":"search_term_string"}}],"inLanguage":"de"}]}},"_links":{"self":[{"href":"https:\/\/motocenter.de\/WP\/wp-json\/wp\/v2\/pages\/189","targetHints":{"allow":["GET"]}}],"collection":[{"href":"https:\/\/motocenter.de\/WP\/wp-json\/wp\/v2\/pages"}],"about":[{"href":"https:\/\/motocenter.de\/WP\/wp-json\/wp\/v2\/types\/page"}],"author":[{"embeddable":true,"href":"https:\/\/motocenter.de\/WP\/wp-json\/wp\/v2\/users\/1"}],"replies":[{"embeddable":true,"href":"https:\/\/motocenter.de\/WP\/wp-json\/wp\/v2\/comments?post=189"}],"version-history":[{"count":61,"href":"https:\/\/motocenter.de\/WP\/wp-json\/wp\/v2\/pages\/189\/revisions"}],"predecessor-version":[{"id":1634,"href":"https:\/\/motocenter.de\/WP\/wp-json\/wp\/v2\/pages\/189\/revisions\/1634"}],"wp:attachment":[{"href":"https:\/\/motocenter.de\/WP\/wp-json\/wp\/v2\/media?parent=189"}],"curies":[{"name":"wp","href":"https:\/\/api.w.org\/{rel}","templated":true}]}}