{"id":177,"date":"2013-01-15T12:58:06","date_gmt":"2013-01-15T12:58:06","guid":{"rendered":"http:\/\/motocenter.de\/WP\/?page_id=177"},"modified":"2024-11-25T15:22:27","modified_gmt":"2024-11-25T15:22:27","slug":"ankauf","status":"publish","type":"page","link":"https:\/\/motocenter.de\/WP\/ankauf\/","title":{"rendered":"Ankauf"},"content":{"rendered":"<p><strong>St\u00e4ndiger Ankauf von Fahrzeugen und Teilen zu fairen Preisen.<\/strong><\/p>\n<p>Wir machen dir ein faires Angebot, egal ob Garagenr\u00e4umung, Lager\u00fcberh\u00e4nge, Unfallfahrzeuge oder Umbaureste.\u00a0Um dich schnell kontaktieren zu k\u00f6nnen, brauchen wir konkrete Angaben zu Zustand und Preisvorstellung.<\/p>\n<p><!--[contact-form-7 id=\"703\" title=\"Ankauf\"]\n\n-->\n<div class=\"wpcf7 no-js\" id=\"wpcf7-f703-o1\" lang=\"de-DE\" dir=\"ltr\" data-wpcf7-id=\"703\">\n<div class=\"screen-reader-response\"><p role=\"status\" aria-live=\"polite\" aria-atomic=\"true\"><\/p> <ul><\/ul><\/div>\n<form action=\"\/WP\/wp-json\/wp\/v2\/pages\/177#wpcf7-f703-o1\" method=\"post\" class=\"wpcf7-form init\" aria-label=\"Kontaktformular\" novalidate=\"novalidate\" data-status=\"init\">\n<fieldset class=\"hidden-fields-container\"><input type=\"hidden\" name=\"_wpcf7\" value=\"703\" \/><input type=\"hidden\" name=\"_wpcf7_version\" value=\"6.1.5\" \/><input type=\"hidden\" name=\"_wpcf7_locale\" value=\"de_DE\" \/><input type=\"hidden\" name=\"_wpcf7_unit_tag\" value=\"wpcf7-f703-o1\" \/><input type=\"hidden\" name=\"_wpcf7_container_post\" value=\"0\" \/><input type=\"hidden\" name=\"_wpcf7_posted_data_hash\" value=\"\" \/>\n<\/fieldset>\n<table bgcolor=\"#F5F5F5\" cellspacing=\"10\" cellpadding=\"20\">\n\t<tr>\n\t\t<td colspan=\"3\">\n\t\t\t<h6><em><span class=\"Apple-style-span\" style=\"font-size: 11px;\">Pflichtfelder sind mit einem Sternchen (*) gekennzeichnet.<\/span><\/em>\n\t\t\t<\/h6>\n\t\t<\/td>\n\t<\/tr>\n\t<tr>\n\t\t<td>\n\t\t\t<p>Name *\n\t\t\t<\/p>\n\t\t<\/td>\n\t\t<td width=\"10px\">\n\t\t<\/td>\n\t\t<td align=\"right\">\n\t\t\t<p><span class=\"wpcf7-form-control-wrap\" data-name=\"your-name\"><input size=\"55\" maxlength=\"400\" class=\"wpcf7-form-control wpcf7-text wpcf7-validates-as-required\" aria-required=\"true\" aria-invalid=\"false\" value=\"\" type=\"text\" name=\"your-name\" \/><\/span>\n\t\t\t<\/p>\n\t\t<\/td>\n\t<\/tr>\n\t<tr>\n\t\t<td>\n\t\t\t<p>PLZ + ORT *\n\t\t\t<\/p>\n\t\t<\/td>\n\t\t<td width=\"10px\">\n\t\t<\/td>\n\t\t<td align=\"right\">\n\t\t\t<p><span class=\"wpcf7-form-control-wrap\" data-name=\"textarea-310\"><textarea cols=\"40\" rows=\"2\" maxlength=\"77\" class=\"wpcf7-form-control wpcf7-textarea wpcf7-validates-as-required\" aria-required=\"true\" aria-invalid=\"false\" name=\"textarea-310\"><\/textarea><\/span>\n\t\t\t<\/p>\n\t\t<\/td>\n\t<\/tr>\n\t<tr>\n\t<\/tr>\n\t<tr>\n\t\t<td>\n\t\t\t<p>eMail *\n\t\t\t<\/p>\n\t\t<\/td>\n\t\t<td width=\"10px\">\n\t\t<\/td>\n\t\t<td align=\"right\">\n\t\t\t<p><span class=\"wpcf7-form-control-wrap\" data-name=\"your-email\"><input size=\"55\" maxlength=\"400\" class=\"wpcf7-form-control wpcf7-email wpcf7-validates-as-required wpcf7-text wpcf7-validates-as-email\" aria-required=\"true\" aria-invalid=\"false\" value=\"\" type=\"email\" name=\"your-email\" \/><\/span>\n\t\t\t<\/p>\n\t\t<\/td>\n\t<\/tr>\n\t<tr>\n\t\t<td>\n\t\t\t<p>Telefon\n\t\t\t<\/p>\n\t\t<\/td>\n\t\t<td width=\"10px\">\n\t\t<\/td>\n\t\t<td align=\"right\">\n\t\t\t<p><span class=\"wpcf7-form-control-wrap\" data-name=\"text-5\"><input size=\"55\" maxlength=\"400\" class=\"wpcf7-form-control wpcf7-tel wpcf7-text wpcf7-validates-as-tel\" aria-invalid=\"false\" value=\"\" type=\"tel\" name=\"text-5\" \/><\/span>\n\t\t\t<\/p>\n\t\t<\/td>\n\t<\/tr>\n\t<td>\n\t\t<p>Marke *\n\t\t<\/p>\n\t<\/td>\n\t<td width=\"10px\">\n\t<\/td>\n\t<td align=\"right\">\n\t\t<p><span class=\"wpcf7-form-control-wrap\" data-name=\"text-50\"><input size=\"55\" maxlength=\"400\" class=\"wpcf7-form-control wpcf7-text wpcf7-validates-as-required\" aria-required=\"true\" aria-invalid=\"false\" value=\"\" type=\"text\" name=\"text-50\" \/><\/span>\n\t\t<\/p>\n\t<\/td>\n\t<tr>\n\t\t<td>\n\t\t\t<p>Typ *\n\t\t\t<\/p>\n\t\t<\/td>\n\t\t<td width=\"10px\">\n\t\t<\/td>\n\t\t<td align=\"right\">\n\t\t\t<p><span class=\"wpcf7-form-control-wrap\" data-name=\"text-265\"><input size=\"55\" maxlength=\"400\" class=\"wpcf7-form-control wpcf7-text wpcf7-validates-as-required\" aria-required=\"true\" aria-invalid=\"false\" value=\"\" type=\"text\" name=\"text-265\" \/><\/span>\n\t\t\t<\/p>\n\t\t<\/td>\n\t<\/tr>\n\t<tr>\n\t\t<td>\n\t\t\t<p>Baujahr *\n\t\t\t<\/p>\n\t\t<\/td>\n\t\t<td width=\"10px\">\n\t\t<\/td>\n\t\t<td align=\"right\">\n\t\t\t<p><span class=\"wpcf7-form-control-wrap\" data-name=\"text-11\"><input size=\"55\" maxlength=\"400\" class=\"wpcf7-form-control wpcf7-text wpcf7-validates-as-required\" aria-required=\"true\" aria-invalid=\"false\" value=\"\" type=\"text\" name=\"text-11\" \/><\/span>\n\t\t\t<\/p>\n\t\t<\/td>\n\t<\/tr>\n\t<tr>\n\t\t<td>\n\t\t\t<p>HU bis\n\t\t\t<\/p>\n\t\t<\/td>\n\t\t<td width=\"10px\">\n\t\t<\/td>\n\t\t<td align=\"right\">\n\t\t\t<p><span class=\"wpcf7-form-control-wrap\" data-name=\"text-70\"><input size=\"55\" maxlength=\"400\" class=\"wpcf7-form-control wpcf7-text\" aria-invalid=\"false\" value=\"\" type=\"text\" name=\"text-70\" \/><\/span>\n\t\t\t<\/p>\n\t\t<\/td>\n\t<\/tr>\n\t<tr>\n\t\t<td>\n\t\t\t<p>Kilometer *\n\t\t\t<\/p>\n\t\t<\/td>\n\t\t<td width=\"10px\">\n\t\t<\/td>\n\t\t<td align=\"right\">\n\t\t\t<p><span class=\"wpcf7-form-control-wrap\" data-name=\"text-933\"><input size=\"55\" maxlength=\"400\" class=\"wpcf7-form-control wpcf7-text wpcf7-validates-as-required\" aria-required=\"true\" aria-invalid=\"false\" value=\"\" type=\"text\" name=\"text-933\" \/><\/span>\n\t\t\t<\/p>\n\t\t<\/td>\n\t<\/tr>\n\t<tr>\n\t\t<td>\n\t\t\t<p>Beschreibung *\n\t\t\t<\/p>\n\t\t<\/td>\n\t\t<td width=\"10px\">\n\t\t<\/td>\n\t\t<td align=\"right\">\n\t\t\t<p><span class=\"wpcf7-form-control-wrap\" data-name=\"textarea-636\"><textarea cols=\"40\" rows=\"5\" maxlength=\"1000\" class=\"wpcf7-form-control wpcf7-textarea wpcf7-validates-as-required\" aria-required=\"true\" aria-invalid=\"false\" name=\"textarea-636\"><\/textarea><\/span>\n\t\t\t<\/p>\n\t\t<\/td>\n\t<\/tr>\n\t<tr>\n\t\t<td>\n\t\t\t<p>Preis *\n\t\t\t<\/p>\n\t\t<\/td>\n\t\t<td width=\"10px\">\n\t\t<\/td>\n\t\t<td align=\"right\">\n\t\t\t<p><span class=\"wpcf7-form-control-wrap\" data-name=\"text-476\"><input size=\"55\" maxlength=\"400\" class=\"wpcf7-form-control wpcf7-text wpcf7-validates-as-required\" aria-required=\"true\" aria-invalid=\"false\" value=\"\" type=\"text\" name=\"text-476\" \/><\/span>\n\t\t\t<\/p>\n\t\t<\/td>\n\t<\/tr>\n\t<tr>\n\t\t<td colspan=3>\n\t\t\t<p><span class=\"wpcf7-form-control-wrap\" data-name=\"acceptance-180\"><span class=\"wpcf7-form-control wpcf7-acceptance\"><span class=\"wpcf7-list-item\"><input type=\"checkbox\" name=\"acceptance-180\" value=\"1\" aria-invalid=\"false\" \/><\/span><\/span><\/span> Ich bin damit einverstanden, dass meine Angaben zwecks Bearbeitung meiner Anfrage und f\u00fcr den Fall von Anschlussfragen gespeichert werden um mit mir Kontakt aufzunehmen und mir die gew\u00fcnschten Informationen bereitzustellen. Ich kann diese Einwilligung jederzeit durch entsprechende Mitteilung widerrufen. Weitere Informationen k\u00f6nnen Sie unserer <a href=\"https:\/\/motocenter.de\/WP\/datenschutz\/\">Datenschutzerkl\u00e4rung<\/a> entnehmen.\n\t\t\t<\/p>\n\t\t<\/td>\n\t<\/tr>\n\t<tr>\n\t\t<td>\n\t\t<\/td>\n\t\t<td width=\"10px\">\n\t\t<\/td>\n\t\t<td align=\"right\">\n\t\t\t<p><input class=\"wpcf7-form-control wpcf7-submit has-spinner\" type=\"submit\" value=\"Senden\" \/>\n\t\t\t<\/p>\n\t\t<\/td>\n\t<\/tr>\n<\/table><div class=\"wpcf7-response-output\" aria-hidden=\"true\"><\/div>\n<\/form>\n<\/div>\n<\/p>\n","protected":false},"excerpt":{"rendered":"<p>St\u00e4ndiger Ankauf von Fahrzeugen und Teilen zu fairen Preisen. Wir machen dir ein faires Angebot, egal ob Garagenr\u00e4umung, Lager\u00fcberh\u00e4nge, Unfallfahrzeuge oder Umbaureste.\u00a0Um dich schnell kontaktieren zu k\u00f6nnen, brauchen wir konkrete Angaben zu Zustand und Preisvorstellung.<\/p>\n","protected":false},"author":1,"featured_media":0,"parent":0,"menu_order":0,"comment_status":"closed","ping_status":"closed","template":"page-right.php","meta":{"footnotes":""},"class_list":["post-177","page","type-page","status-publish","hentry"],"yoast_head":"<!-- This site is optimized with the Yoast SEO plugin v27.3 - https:\/\/yoast.com\/product\/yoast-seo-wordpress\/ -->\n<title>Ankauf - Moto Center OHG - Motorradtechnik<\/title>\n<meta name=\"robots\" content=\"index, follow, max-snippet:-1, max-image-preview:large, max-video-preview:-1\" \/>\n<link rel=\"canonical\" href=\"https:\/\/motocenter.de\/WP\/ankauf\/\" \/>\n<meta property=\"og:locale\" content=\"de_DE\" \/>\n<meta property=\"og:type\" content=\"article\" \/>\n<meta property=\"og:title\" content=\"Ankauf - Moto Center OHG - Motorradtechnik\" \/>\n<meta property=\"og:description\" content=\"St\u00e4ndiger Ankauf von Fahrzeugen und Teilen zu fairen Preisen. Wir machen dir ein faires Angebot, egal ob Garagenr\u00e4umung, Lager\u00fcberh\u00e4nge, Unfallfahrzeuge oder Umbaureste.\u00a0Um dich schnell kontaktieren zu k\u00f6nnen, brauchen wir konkrete Angaben zu Zustand und Preisvorstellung.\" \/>\n<meta property=\"og:url\" content=\"https:\/\/motocenter.de\/WP\/ankauf\/\" \/>\n<meta property=\"og:site_name\" content=\"Moto Center OHG - Motorradtechnik\" \/>\n<meta property=\"article:modified_time\" content=\"2024-11-25T15:22:27+00:00\" \/>\n<meta name=\"twitter:card\" content=\"summary_large_image\" \/>\n<script type=\"application\/ld+json\" class=\"yoast-schema-graph\">{\"@context\":\"https:\\\/\\\/schema.org\",\"@graph\":[{\"@type\":\"WebPage\",\"@id\":\"https:\\\/\\\/motocenter.de\\\/WP\\\/ankauf\\\/\",\"url\":\"https:\\\/\\\/motocenter.de\\\/WP\\\/ankauf\\\/\",\"name\":\"Ankauf - Moto Center OHG - Motorradtechnik\",\"isPartOf\":{\"@id\":\"https:\\\/\\\/motocenter.de\\\/WP\\\/#website\"},\"datePublished\":\"2013-01-15T12:58:06+00:00\",\"dateModified\":\"2024-11-25T15:22:27+00:00\",\"breadcrumb\":{\"@id\":\"https:\\\/\\\/motocenter.de\\\/WP\\\/ankauf\\\/#breadcrumb\"},\"inLanguage\":\"de\",\"potentialAction\":[{\"@type\":\"ReadAction\",\"target\":[\"https:\\\/\\\/motocenter.de\\\/WP\\\/ankauf\\\/\"]}]},{\"@type\":\"BreadcrumbList\",\"@id\":\"https:\\\/\\\/motocenter.de\\\/WP\\\/ankauf\\\/#breadcrumb\",\"itemListElement\":[{\"@type\":\"ListItem\",\"position\":1,\"name\":\"Startseite\",\"item\":\"https:\\\/\\\/motocenter.de\\\/WP\\\/\"},{\"@type\":\"ListItem\",\"position\":2,\"name\":\"Ankauf\"}]},{\"@type\":\"WebSite\",\"@id\":\"https:\\\/\\\/motocenter.de\\\/WP\\\/#website\",\"url\":\"https:\\\/\\\/motocenter.de\\\/WP\\\/\",\"name\":\"Moto Center OHG - Motorradtechnik\",\"description\":\"\",\"potentialAction\":[{\"@type\":\"SearchAction\",\"target\":{\"@type\":\"EntryPoint\",\"urlTemplate\":\"https:\\\/\\\/motocenter.de\\\/WP\\\/?s={search_term_string}\"},\"query-input\":{\"@type\":\"PropertyValueSpecification\",\"valueRequired\":true,\"valueName\":\"search_term_string\"}}],\"inLanguage\":\"de\"}]}<\/script>\n<!-- \/ Yoast SEO plugin. -->","yoast_head_json":{"title":"Ankauf - Moto Center OHG - Motorradtechnik","robots":{"index":"index","follow":"follow","max-snippet":"max-snippet:-1","max-image-preview":"max-image-preview:large","max-video-preview":"max-video-preview:-1"},"canonical":"https:\/\/motocenter.de\/WP\/ankauf\/","og_locale":"de_DE","og_type":"article","og_title":"Ankauf - Moto Center OHG - Motorradtechnik","og_description":"St\u00e4ndiger Ankauf von Fahrzeugen und Teilen zu fairen Preisen. Wir machen dir ein faires Angebot, egal ob Garagenr\u00e4umung, Lager\u00fcberh\u00e4nge, Unfallfahrzeuge oder Umbaureste.\u00a0Um dich schnell kontaktieren zu k\u00f6nnen, brauchen wir konkrete Angaben zu Zustand und Preisvorstellung.","og_url":"https:\/\/motocenter.de\/WP\/ankauf\/","og_site_name":"Moto Center OHG - Motorradtechnik","article_modified_time":"2024-11-25T15:22:27+00:00","twitter_card":"summary_large_image","schema":{"@context":"https:\/\/schema.org","@graph":[{"@type":"WebPage","@id":"https:\/\/motocenter.de\/WP\/ankauf\/","url":"https:\/\/motocenter.de\/WP\/ankauf\/","name":"Ankauf - Moto Center OHG - Motorradtechnik","isPartOf":{"@id":"https:\/\/motocenter.de\/WP\/#website"},"datePublished":"2013-01-15T12:58:06+00:00","dateModified":"2024-11-25T15:22:27+00:00","breadcrumb":{"@id":"https:\/\/motocenter.de\/WP\/ankauf\/#breadcrumb"},"inLanguage":"de","potentialAction":[{"@type":"ReadAction","target":["https:\/\/motocenter.de\/WP\/ankauf\/"]}]},{"@type":"BreadcrumbList","@id":"https:\/\/motocenter.de\/WP\/ankauf\/#breadcrumb","itemListElement":[{"@type":"ListItem","position":1,"name":"Startseite","item":"https:\/\/motocenter.de\/WP\/"},{"@type":"ListItem","position":2,"name":"Ankauf"}]},{"@type":"WebSite","@id":"https:\/\/motocenter.de\/WP\/#website","url":"https:\/\/motocenter.de\/WP\/","name":"Moto Center OHG - Motorradtechnik","description":"","potentialAction":[{"@type":"SearchAction","target":{"@type":"EntryPoint","urlTemplate":"https:\/\/motocenter.de\/WP\/?s={search_term_string}"},"query-input":{"@type":"PropertyValueSpecification","valueRequired":true,"valueName":"search_term_string"}}],"inLanguage":"de"}]}},"_links":{"self":[{"href":"https:\/\/motocenter.de\/WP\/wp-json\/wp\/v2\/pages\/177","targetHints":{"allow":["GET"]}}],"collection":[{"href":"https:\/\/motocenter.de\/WP\/wp-json\/wp\/v2\/pages"}],"about":[{"href":"https:\/\/motocenter.de\/WP\/wp-json\/wp\/v2\/types\/page"}],"author":[{"embeddable":true,"href":"https:\/\/motocenter.de\/WP\/wp-json\/wp\/v2\/users\/1"}],"replies":[{"embeddable":true,"href":"https:\/\/motocenter.de\/WP\/wp-json\/wp\/v2\/comments?post=177"}],"version-history":[{"count":28,"href":"https:\/\/motocenter.de\/WP\/wp-json\/wp\/v2\/pages\/177\/revisions"}],"predecessor-version":[{"id":1660,"href":"https:\/\/motocenter.de\/WP\/wp-json\/wp\/v2\/pages\/177\/revisions\/1660"}],"wp:attachment":[{"href":"https:\/\/motocenter.de\/WP\/wp-json\/wp\/v2\/media?parent=177"}],"curies":[{"name":"wp","href":"https:\/\/api.w.org\/{rel}","templated":true}]}}