{"id":123,"date":"2014-11-19T15:51:31","date_gmt":"2014-11-19T15:51:31","guid":{"rendered":"http:\/\/motocenter.de\/WP\/?page_id=123"},"modified":"2022-12-17T17:56:54","modified_gmt":"2022-12-17T17:56:54","slug":"anfahrt","status":"publish","type":"page","link":"https:\/\/motocenter.de\/WP\/anfahrt\/","title":{"rendered":"Anfahrt"},"content":{"rendered":"<p><strong>Ihr findet uns im S\u00fcdwesten Hannovers:<\/strong><br \/>\n<strong> im Stadtteil Linden-Mitte, in der Davenstedter Str. 153.<\/strong><br \/>\n<strong> Unser Betrieb befindet sich au\u00dferhalb der Umweltzone und verf\u00fcgt \u00fcber ausreichend Parkpl\u00e4tze.<\/strong><br \/>\n<strong> Gut und selbstverst\u00e4ndlich auch mit \u00f6ffentlicher Verkehrsanbindung zu erreichen. Die Stadtrandn\u00e4he bietet gute M\u00f6glichkeiten f\u00fcr Probefahrten.<\/strong><\/p>\n<p>F\u00fcr eine Karte bitte <a href=\"https:\/\/motocenter.de\/WP\/anfahrt_map\/\">hier<\/a> klicken!<\/p>\n<p>Aus Richtung Dortmund<br \/>\nBAB 2 bis Abfahrt Hannover-Herrenhausen<br \/>\nB 6 (Westschnellweg) Richtung Hannover,<br \/>\nAbfahrt Lindener Hafen\/Linden-Mitte, Rechts auf die F\u00f6ssestra\u00dfe,<br \/>\nLinks am Lindener Hafen, Rechts Davenstedter Str.<\/p>\n<p>Aus Richtung Berlin<br \/>\nBAB 2 bis Abfahrt Hannover-Herrenhausen<br \/>\nB 6 (Westschnellweg) Richtung Hannover,<br \/>\nAbfahrt Lindener Hafen\/Linden-Mitte, Rechts auf die F\u00f6ssestra\u00dfe,<br \/>\nLinks am Lindener Hafen, Rechts Davenstedter Str.<\/p>\n<p>Aus Richtung Hamburg \/ Bremen<br \/>\nBAB 7 bis AB-Kreuz Hannover-Nord<br \/>\nBAB 352 Richtung Dortmund<br \/>\nBAB 2 bis Abfahrt Hannover-Herrenhausen<br \/>\nB 6 (Westschnellweg) Richtung Hannover<br \/>\nAbfahrt Lindener Hafen\/Linden-Mitte, Rechts auf die F\u00f6ssestra\u00dfe,<br \/>\nLinks am Lindener Hafen, Rechts Davenstedter Str.<\/p>\n<p>Aus Richtung Kassel \/ Frankfurt<br \/>\nBAB 7 bis Hannover AB-Dreieck-S\u00fcd<br \/>\nBAB 37 (Messeschnellweg) bis Seelhorster Kreuz B 3, 6, 65 (S\u00fcdschnellweg) Richtung Ricklingen, Linden,<br \/>\nB 6 (Westschnellweg) Richtung Linden<br \/>\nAbfahrt Lindener Hafen\/Linden-Mitte, Rechts auf die F\u00f6ssestra\u00dfe,<br \/>\nLinks am Lindener Hafen, Rechts Davenstedter Str.<\/p>\n","protected":false},"excerpt":{"rendered":"<p>Ihr findet uns im S\u00fcdwesten Hannovers: im Stadtteil Linden-Mitte, in der Davenstedter Str. 153. Unser Betrieb befindet sich au\u00dferhalb der Umweltzone und verf\u00fcgt \u00fcber ausreichend Parkpl\u00e4tze. Gut und selbstverst\u00e4ndlich auch mit \u00f6ffentlicher Verkehrsanbindung zu erreichen. Die Stadtrandn\u00e4he bietet gute M\u00f6glichkeiten f\u00fcr Probefahrten. F\u00fcr eine Karte bitte hier klicken! Aus Richtung Dortmund BAB 2 bis Abfahrt &hellip; <a href=\"https:\/\/motocenter.de\/WP\/anfahrt\/\">Continue reading <span class=\"meta-nav\">&rarr;<\/span><\/a><\/p>\n","protected":false},"author":1,"featured_media":0,"parent":0,"menu_order":0,"comment_status":"closed","ping_status":"closed","template":"page-right.php","meta":{"footnotes":""},"class_list":["post-123","page","type-page","status-publish","hentry"],"yoast_head":"<!-- This site is optimized with the Yoast SEO plugin v27.4 - https:\/\/yoast.com\/product\/yoast-seo-wordpress\/ -->\n<title>Anfahrt - Moto Center OHG - Motorradtechnik<\/title>\n<meta name=\"robots\" content=\"index, follow, max-snippet:-1, max-image-preview:large, max-video-preview:-1\" \/>\n<link rel=\"canonical\" href=\"https:\/\/motocenter.de\/WP\/anfahrt\/\" \/>\n<meta property=\"og:locale\" content=\"de_DE\" \/>\n<meta property=\"og:type\" content=\"article\" \/>\n<meta property=\"og:title\" content=\"Anfahrt - Moto Center OHG - Motorradtechnik\" \/>\n<meta property=\"og:description\" content=\"Ihr findet uns im S\u00fcdwesten Hannovers: im Stadtteil Linden-Mitte, in der Davenstedter Str. 153. Unser Betrieb befindet sich au\u00dferhalb der Umweltzone und verf\u00fcgt \u00fcber ausreichend Parkpl\u00e4tze. Gut und selbstverst\u00e4ndlich auch mit \u00f6ffentlicher Verkehrsanbindung zu erreichen. Die Stadtrandn\u00e4he bietet gute M\u00f6glichkeiten f\u00fcr Probefahrten. F\u00fcr eine Karte bitte hier klicken! Aus Richtung Dortmund BAB 2 bis Abfahrt &hellip; Continue reading &rarr;\" \/>\n<meta property=\"og:url\" content=\"https:\/\/motocenter.de\/WP\/anfahrt\/\" \/>\n<meta property=\"og:site_name\" content=\"Moto Center OHG - Motorradtechnik\" \/>\n<meta property=\"article:modified_time\" content=\"2022-12-17T17:56:54+00:00\" \/>\n<meta name=\"twitter:card\" content=\"summary_large_image\" \/>\n<meta name=\"twitter:label1\" content=\"Gesch\u00e4tzte Lesezeit\" \/>\n\t<meta name=\"twitter:data1\" content=\"1\u00a0Minute\" \/>\n<script type=\"application\/ld+json\" class=\"yoast-schema-graph\">{\"@context\":\"https:\\\/\\\/schema.org\",\"@graph\":[{\"@type\":\"WebPage\",\"@id\":\"https:\\\/\\\/motocenter.de\\\/WP\\\/anfahrt\\\/\",\"url\":\"https:\\\/\\\/motocenter.de\\\/WP\\\/anfahrt\\\/\",\"name\":\"Anfahrt - Moto Center OHG - Motorradtechnik\",\"isPartOf\":{\"@id\":\"https:\\\/\\\/motocenter.de\\\/WP\\\/#website\"},\"datePublished\":\"2014-11-19T15:51:31+00:00\",\"dateModified\":\"2022-12-17T17:56:54+00:00\",\"breadcrumb\":{\"@id\":\"https:\\\/\\\/motocenter.de\\\/WP\\\/anfahrt\\\/#breadcrumb\"},\"inLanguage\":\"de\",\"potentialAction\":[{\"@type\":\"ReadAction\",\"target\":[\"https:\\\/\\\/motocenter.de\\\/WP\\\/anfahrt\\\/\"]}]},{\"@type\":\"BreadcrumbList\",\"@id\":\"https:\\\/\\\/motocenter.de\\\/WP\\\/anfahrt\\\/#breadcrumb\",\"itemListElement\":[{\"@type\":\"ListItem\",\"position\":1,\"name\":\"Startseite\",\"item\":\"https:\\\/\\\/motocenter.de\\\/WP\\\/\"},{\"@type\":\"ListItem\",\"position\":2,\"name\":\"Anfahrt\"}]},{\"@type\":\"WebSite\",\"@id\":\"https:\\\/\\\/motocenter.de\\\/WP\\\/#website\",\"url\":\"https:\\\/\\\/motocenter.de\\\/WP\\\/\",\"name\":\"Moto Center OHG - Motorradtechnik\",\"description\":\"\",\"potentialAction\":[{\"@type\":\"SearchAction\",\"target\":{\"@type\":\"EntryPoint\",\"urlTemplate\":\"https:\\\/\\\/motocenter.de\\\/WP\\\/?s={search_term_string}\"},\"query-input\":{\"@type\":\"PropertyValueSpecification\",\"valueRequired\":true,\"valueName\":\"search_term_string\"}}],\"inLanguage\":\"de\"}]}<\/script>\n<!-- \/ Yoast SEO plugin. -->","yoast_head_json":{"title":"Anfahrt - Moto Center OHG - Motorradtechnik","robots":{"index":"index","follow":"follow","max-snippet":"max-snippet:-1","max-image-preview":"max-image-preview:large","max-video-preview":"max-video-preview:-1"},"canonical":"https:\/\/motocenter.de\/WP\/anfahrt\/","og_locale":"de_DE","og_type":"article","og_title":"Anfahrt - Moto Center OHG - Motorradtechnik","og_description":"Ihr findet uns im S\u00fcdwesten Hannovers: im Stadtteil Linden-Mitte, in der Davenstedter Str. 153. Unser Betrieb befindet sich au\u00dferhalb der Umweltzone und verf\u00fcgt \u00fcber ausreichend Parkpl\u00e4tze. Gut und selbstverst\u00e4ndlich auch mit \u00f6ffentlicher Verkehrsanbindung zu erreichen. Die Stadtrandn\u00e4he bietet gute M\u00f6glichkeiten f\u00fcr Probefahrten. F\u00fcr eine Karte bitte hier klicken! Aus Richtung Dortmund BAB 2 bis Abfahrt &hellip; Continue reading &rarr;","og_url":"https:\/\/motocenter.de\/WP\/anfahrt\/","og_site_name":"Moto Center OHG - Motorradtechnik","article_modified_time":"2022-12-17T17:56:54+00:00","twitter_card":"summary_large_image","twitter_misc":{"Gesch\u00e4tzte Lesezeit":"1\u00a0Minute"},"schema":{"@context":"https:\/\/schema.org","@graph":[{"@type":"WebPage","@id":"https:\/\/motocenter.de\/WP\/anfahrt\/","url":"https:\/\/motocenter.de\/WP\/anfahrt\/","name":"Anfahrt - Moto Center OHG - Motorradtechnik","isPartOf":{"@id":"https:\/\/motocenter.de\/WP\/#website"},"datePublished":"2014-11-19T15:51:31+00:00","dateModified":"2022-12-17T17:56:54+00:00","breadcrumb":{"@id":"https:\/\/motocenter.de\/WP\/anfahrt\/#breadcrumb"},"inLanguage":"de","potentialAction":[{"@type":"ReadAction","target":["https:\/\/motocenter.de\/WP\/anfahrt\/"]}]},{"@type":"BreadcrumbList","@id":"https:\/\/motocenter.de\/WP\/anfahrt\/#breadcrumb","itemListElement":[{"@type":"ListItem","position":1,"name":"Startseite","item":"https:\/\/motocenter.de\/WP\/"},{"@type":"ListItem","position":2,"name":"Anfahrt"}]},{"@type":"WebSite","@id":"https:\/\/motocenter.de\/WP\/#website","url":"https:\/\/motocenter.de\/WP\/","name":"Moto Center OHG - Motorradtechnik","description":"","potentialAction":[{"@type":"SearchAction","target":{"@type":"EntryPoint","urlTemplate":"https:\/\/motocenter.de\/WP\/?s={search_term_string}"},"query-input":{"@type":"PropertyValueSpecification","valueRequired":true,"valueName":"search_term_string"}}],"inLanguage":"de"}]}},"_links":{"self":[{"href":"https:\/\/motocenter.de\/WP\/wp-json\/wp\/v2\/pages\/123","targetHints":{"allow":["GET"]}}],"collection":[{"href":"https:\/\/motocenter.de\/WP\/wp-json\/wp\/v2\/pages"}],"about":[{"href":"https:\/\/motocenter.de\/WP\/wp-json\/wp\/v2\/types\/page"}],"author":[{"embeddable":true,"href":"https:\/\/motocenter.de\/WP\/wp-json\/wp\/v2\/users\/1"}],"replies":[{"embeddable":true,"href":"https:\/\/motocenter.de\/WP\/wp-json\/wp\/v2\/comments?post=123"}],"version-history":[{"count":26,"href":"https:\/\/motocenter.de\/WP\/wp-json\/wp\/v2\/pages\/123\/revisions"}],"predecessor-version":[{"id":1546,"href":"https:\/\/motocenter.de\/WP\/wp-json\/wp\/v2\/pages\/123\/revisions\/1546"}],"wp:attachment":[{"href":"https:\/\/motocenter.de\/WP\/wp-json\/wp\/v2\/media?parent=123"}],"curies":[{"name":"wp","href":"https:\/\/api.w.org\/{rel}","templated":true}]}}